{"id":16997,"date":"2026-03-11T14:28:30","date_gmt":"2026-03-11T13:28:30","guid":{"rendered":"https:\/\/www.bifff.net\/product\/gaua-2\/"},"modified":"2026-03-16T12:18:18","modified_gmt":"2026-03-16T11:18:18","slug":"gaua-2","status":"publish","type":"product","link":"https:\/\/www.bifff.net\/fr\/produit\/gaua-2\/","title":{"rendered":"GAUA"},"content":{"rendered":"<p>Les montagnes basques, au 17e si\u00e8cle. Alors que l\u2019Espagne continue \u00e0 se bouffer l\u2019h\u00e9ritage inquisiteur de Torquemada, une jeune femme nomm\u00e9e Kattalin fuit sa chaumi\u00e8re en pleine nuit, apr\u00e8s avoir tent\u00e9 d\u2019empoisonner son mari violent. Perdue dans la for\u00eat et pourchass\u00e9e par une pr\u00e9sence inqui\u00e9tante, elle finit par tomber sur trois femmes en pleine s\u00e9ance de lav-o-matic \u00e0 l\u2019ancienne. Ce trio \u00e9trange profite de ce moment privil\u00e9gi\u00e9 pour boire de la gnole et \u00e9changer des ragots sur les gens du coin. Des ragots d\u2019abord anecdotiques, puis de plus en plus effrayants, et qui concerneront de plus en plus Kattalin. Bref, il est temps pour elle de prendre un balai, et ce ne sera pas pour faire le m\u00e9nage\u2026. Chasse aux sorci\u00e8res, magie noire, fornications pas catholiques, le nouveau cru de Paul Urkijo (ERREMENTARI) est un monstre pa\u00efen et iconoclaste, et probablement son chef d\u2019\u0153uvre \u00e0 ce jour !!!<\/p>\n","protected":false},"excerpt":{"rendered":"<p>Les montagnes basques, au 17e si\u00e8cle. Alors que l\u2019Espagne continue \u00e0 se bouffer l\u2019h\u00e9ritage inquisiteur de Torquemada, une jeune femme nomm\u00e9e Kattalin fuit sa chaumi\u00e8re en pleine nuit, apr\u00e8s avoir tent\u00e9 d\u2019empoisonner son mari violent. Perdue dans la for\u00eat et pourchass\u00e9e par une pr\u00e9sence inqui\u00e9tante, elle finit par tomber sur trois femmes en pleine s\u00e9ance [&#8230;]\n","protected":false},"featured_media":17545,"template":"","meta":{"om_disable_all_campaigns":false,"_monsterinsights_skip_tracking":false,"_monsterinsights_sitenote_active":false,"_monsterinsights_sitenote_note":"","_monsterinsights_sitenote_category":0},"product_brand":[],"product_cat":[104],"product_tag":[],"country":[476],"competition":[428,459],"genre":[719,478],"section":[],"class_list":{"0":"post-16997","1":"product","2":"type-product","3":"status-publish","4":"has-post-thumbnail","6":"product_cat-long-metrage","7":"country-spain-fr","8":"competition-critics-fr","9":"competition-international-fr","10":"genre-fantasy-fr","11":"genre-horror-fr","13":"first","14":"instock","15":"shipping-taxable","16":"purchasable","17":"product-type-simple"},"acf":[],"aioseo_notices":[],"_links":{"self":[{"href":"https:\/\/www.bifff.net\/fr\/wp-json\/wp\/v2\/product\/16997","targetHints":{"allow":["GET"]}}],"collection":[{"href":"https:\/\/www.bifff.net\/fr\/wp-json\/wp\/v2\/product"}],"about":[{"href":"https:\/\/www.bifff.net\/fr\/wp-json\/wp\/v2\/types\/product"}],"wp:featuredmedia":[{"embeddable":true,"href":"https:\/\/www.bifff.net\/fr\/wp-json\/wp\/v2\/media\/17545"}],"wp:attachment":[{"href":"https:\/\/www.bifff.net\/fr\/wp-json\/wp\/v2\/media?parent=16997"}],"wp:term":[{"taxonomy":"product_brand","embeddable":true,"href":"https:\/\/www.bifff.net\/fr\/wp-json\/wp\/v2\/product_brand?post=16997"},{"taxonomy":"product_cat","embeddable":true,"href":"https:\/\/www.bifff.net\/fr\/wp-json\/wp\/v2\/product_cat?post=16997"},{"taxonomy":"product_tag","embeddable":true,"href":"https:\/\/www.bifff.net\/fr\/wp-json\/wp\/v2\/product_tag?post=16997"},{"taxonomy":"country","embeddable":true,"href":"https:\/\/www.bifff.net\/fr\/wp-json\/wp\/v2\/country?post=16997"},{"taxonomy":"competition","embeddable":true,"href":"https:\/\/www.bifff.net\/fr\/wp-json\/wp\/v2\/competition?post=16997"},{"taxonomy":"genre","embeddable":true,"href":"https:\/\/www.bifff.net\/fr\/wp-json\/wp\/v2\/genre?post=16997"},{"taxonomy":"section","embeddable":true,"href":"https:\/\/www.bifff.net\/fr\/wp-json\/wp\/v2\/section?post=16997"}],"curies":[{"name":"wp","href":"https:\/\/api.w.org\/{rel}","templated":true}]}}