{"id":16995,"date":"2026-03-11T14:28:28","date_gmt":"2026-03-11T13:28:28","guid":{"rendered":"https:\/\/www.bifff.net\/product\/flush-2\/"},"modified":"2026-03-16T12:18:22","modified_gmt":"2026-03-16T11:18:22","slug":"flush-2","status":"publish","type":"product","link":"https:\/\/www.bifff.net\/fr\/produit\/flush-2\/","title":{"rendered":"FLUSH"},"content":{"rendered":"<p>Luc est dans la merde. Alors oui, cet ancien ex-junkie, mari indigne et p\u00e8re lamentable, n\u2019aurait pas d\u00fb provoquer des dealers dans les chiottes d\u2019une bo\u00eete de nuit. Certes. Mais Luc est en fait litt\u00e9ralement dans la merde, depuis que les susdits dealers l\u2019ont laiss\u00e9 pour mort, avec le cr\u00e2ne embo\u00eet\u00e9 comme un Lego dans les toilettes turques. \u00c9videmment, Luc n\u2019a pas dit son dernier mot, m\u00eame s\u2019il y a peu de chances que ce soit \u00ab \u00e7a va chier !!!! \u00bb\u2026. Avec ses 25 s\u00e9lections de par le monde et ses prix du public qu\u2019il empile comme une pyramide de PQ triple \u00e9paisseur, FLUSH est au cin\u00e9ma de genre ce que l\u2019e-tron est \u00e0 Audi : dynamique, aventureux et pr\u00eat \u00e0 affronter l\u2019inconnu. Petit bonus, le r\u00e9alisateur Gr\u00e9gory Morin est un grand habitu\u00e9 (du bar) du BIFFF, avec un Bac+10 dans les codes du festival ! Et l\u00e0, il vous a clairement lanc\u00e9 un d\u00e9fi\u2026<\/p>\n","protected":false},"excerpt":{"rendered":"<p>Luc est dans la merde. Alors oui, cet ancien ex-junkie, mari indigne et p\u00e8re lamentable, n\u2019aurait pas d\u00fb provoquer des dealers dans les chiottes d\u2019une bo\u00eete de nuit. Certes. Mais Luc est en fait litt\u00e9ralement dans la merde, depuis que les susdits dealers l\u2019ont laiss\u00e9 pour mort, avec le cr\u00e2ne embo\u00eet\u00e9 comme un Lego dans [&#8230;]\n","protected":false},"featured_media":17336,"template":"","meta":{"om_disable_all_campaigns":false,"_monsterinsights_skip_tracking":false,"_monsterinsights_sitenote_active":false,"_monsterinsights_sitenote_note":"","_monsterinsights_sitenote_category":0},"product_brand":[],"product_cat":[104],"product_tag":[],"country":[426,902],"competition":[437],"genre":[461,854,1196],"section":[],"class_list":{"0":"post-16995","1":"product","2":"type-product","3":"status-publish","4":"has-post-thumbnail","6":"product_cat-long-metrage","7":"country-france-fr","8":"country-uk-fr","9":"competition-none-fr","10":"genre-action-fr","11":"genre-comedy-fr","12":"genre-survival-fr","14":"first","15":"instock","16":"shipping-taxable","17":"purchasable","18":"product-type-simple"},"acf":[],"aioseo_notices":[],"_links":{"self":[{"href":"https:\/\/www.bifff.net\/fr\/wp-json\/wp\/v2\/product\/16995","targetHints":{"allow":["GET"]}}],"collection":[{"href":"https:\/\/www.bifff.net\/fr\/wp-json\/wp\/v2\/product"}],"about":[{"href":"https:\/\/www.bifff.net\/fr\/wp-json\/wp\/v2\/types\/product"}],"wp:featuredmedia":[{"embeddable":true,"href":"https:\/\/www.bifff.net\/fr\/wp-json\/wp\/v2\/media\/17336"}],"wp:attachment":[{"href":"https:\/\/www.bifff.net\/fr\/wp-json\/wp\/v2\/media?parent=16995"}],"wp:term":[{"taxonomy":"product_brand","embeddable":true,"href":"https:\/\/www.bifff.net\/fr\/wp-json\/wp\/v2\/product_brand?post=16995"},{"taxonomy":"product_cat","embeddable":true,"href":"https:\/\/www.bifff.net\/fr\/wp-json\/wp\/v2\/product_cat?post=16995"},{"taxonomy":"product_tag","embeddable":true,"href":"https:\/\/www.bifff.net\/fr\/wp-json\/wp\/v2\/product_tag?post=16995"},{"taxonomy":"country","embeddable":true,"href":"https:\/\/www.bifff.net\/fr\/wp-json\/wp\/v2\/country?post=16995"},{"taxonomy":"competition","embeddable":true,"href":"https:\/\/www.bifff.net\/fr\/wp-json\/wp\/v2\/competition?post=16995"},{"taxonomy":"genre","embeddable":true,"href":"https:\/\/www.bifff.net\/fr\/wp-json\/wp\/v2\/genre?post=16995"},{"taxonomy":"section","embeddable":true,"href":"https:\/\/www.bifff.net\/fr\/wp-json\/wp\/v2\/section?post=16995"}],"curies":[{"name":"wp","href":"https:\/\/api.w.org\/{rel}","templated":true}]}}