{"id":16994,"date":"2026-03-11T14:28:27","date_gmt":"2026-03-11T13:28:27","guid":{"rendered":"https:\/\/www.bifff.net\/product\/fuck-my-son-2\/"},"modified":"2026-03-16T12:18:24","modified_gmt":"2026-03-16T11:18:24","slug":"fuck-my-son-2","status":"publish","type":"product","link":"https:\/\/www.bifff.net\/fr\/produit\/fuck-my-son-2\/","title":{"rendered":"FUCK MY SON!"},"content":{"rendered":"<p>Avec son titre explicite qui fait \u00e9galement office de sc\u00e9nario, nul besoin de s\u2019\u00e9tendre sur les subtilit\u00e9s de la dramaturgie de cette proposition \u00e0 haute teneur d\u00e9viante. Mais, pour vous donner quand m\u00eame une id\u00e9e de ce que vous vous appr\u00eatez \u00e0 voir, voici quelques avis \u00e0 chaud de la presse internationale: \u201caucune qualit\u00e9 r\u00e9demptrice et une abomination\u201d, \u201cPour ceux qui appr\u00e9cient les films qui poussent les boutons jusqu&rsquo;\u00e0 ce que toute la console explose, c&rsquo;est un \u00e9v\u00e9nement \u00e0 ne pas manquer\u201d, \u201cSi un film TROMA avait un enfant avec un film de John Waters, il ressemblerait \u00e0 \u00e7a\u201d, \u201cC&rsquo;est scandaleux, d\u00e9go\u00fbtant et absolument pas pour vous \u2014 \u00e0 moins, bien s\u00fbr, que \u00e7a le soit\u201d, \u201cUne guerre contre le bon go\u00fbt\u201d. Bref, \u00e9vitez \u00e0 tout prix cette p\u00e9loche de Todd Rohal si vous ne vous sentez pas \u00e0 la hauteur. Intellectuellement et physiquement.<\/p>\n","protected":false},"excerpt":{"rendered":"<p>Avec son titre explicite qui fait \u00e9galement office de sc\u00e9nario, nul besoin de s\u2019\u00e9tendre sur les subtilit\u00e9s de la dramaturgie de cette proposition \u00e0 haute teneur d\u00e9viante. Mais, pour vous donner quand m\u00eame une id\u00e9e de ce que vous vous appr\u00eatez \u00e0 voir, voici quelques avis \u00e0 chaud de la presse internationale: \u201caucune qualit\u00e9 r\u00e9demptrice [&#8230;]\n","protected":false},"featured_media":17333,"template":"","meta":{"om_disable_all_campaigns":false,"_monsterinsights_skip_tracking":false,"_monsterinsights_sitenote_active":false,"_monsterinsights_sitenote_note":"","_monsterinsights_sitenote_category":0},"product_brand":[],"product_cat":[104],"product_tag":[],"country":[671],"competition":[437],"genre":[854,488,883],"section":[],"class_list":{"0":"post-16994","1":"product","2":"type-product","3":"status-publish","4":"has-post-thumbnail","6":"product_cat-long-metrage","7":"country-usa-fr","8":"competition-none-fr","9":"genre-comedy-fr","10":"genre-gore-fr","11":"genre-trash-fr","13":"first","14":"instock","15":"shipping-taxable","16":"purchasable","17":"product-type-simple"},"acf":[],"aioseo_notices":[],"_links":{"self":[{"href":"https:\/\/www.bifff.net\/fr\/wp-json\/wp\/v2\/product\/16994","targetHints":{"allow":["GET"]}}],"collection":[{"href":"https:\/\/www.bifff.net\/fr\/wp-json\/wp\/v2\/product"}],"about":[{"href":"https:\/\/www.bifff.net\/fr\/wp-json\/wp\/v2\/types\/product"}],"wp:featuredmedia":[{"embeddable":true,"href":"https:\/\/www.bifff.net\/fr\/wp-json\/wp\/v2\/media\/17333"}],"wp:attachment":[{"href":"https:\/\/www.bifff.net\/fr\/wp-json\/wp\/v2\/media?parent=16994"}],"wp:term":[{"taxonomy":"product_brand","embeddable":true,"href":"https:\/\/www.bifff.net\/fr\/wp-json\/wp\/v2\/product_brand?post=16994"},{"taxonomy":"product_cat","embeddable":true,"href":"https:\/\/www.bifff.net\/fr\/wp-json\/wp\/v2\/product_cat?post=16994"},{"taxonomy":"product_tag","embeddable":true,"href":"https:\/\/www.bifff.net\/fr\/wp-json\/wp\/v2\/product_tag?post=16994"},{"taxonomy":"country","embeddable":true,"href":"https:\/\/www.bifff.net\/fr\/wp-json\/wp\/v2\/country?post=16994"},{"taxonomy":"competition","embeddable":true,"href":"https:\/\/www.bifff.net\/fr\/wp-json\/wp\/v2\/competition?post=16994"},{"taxonomy":"genre","embeddable":true,"href":"https:\/\/www.bifff.net\/fr\/wp-json\/wp\/v2\/genre?post=16994"},{"taxonomy":"section","embeddable":true,"href":"https:\/\/www.bifff.net\/fr\/wp-json\/wp\/v2\/section?post=16994"}],"curies":[{"name":"wp","href":"https:\/\/api.w.org\/{rel}","templated":true}]}}