{"id":811,"date":"2023-02-07T17:29:19","date_gmt":"2023-02-07T16:29:19","guid":{"rendered":"http:\/\/v2.bifff.net\/long-metrages\/"},"modified":"2025-12-02T15:35:40","modified_gmt":"2025-12-02T14:35:40","slug":"long-metrages","status":"publish","type":"page","link":"https:\/\/www.bifff.net\/fr\/inscriptions\/long-metrages\/","title":{"rendered":"Long M\u00e9trages"},"content":{"rendered":"\n\t<div class=\"img has-hover x md-x lg-x y md-y lg-y\" id=\"image_1968989046\">\n\t\t\t\t\t\t\t\t<div class=\"img-inner dark\" >\n\t\t\t<img loading=\"lazy\" decoding=\"async\" width=\"2500\" height=\"608\" src=\"https:\/\/www.bifff.net\/wp-content\/uploads\/2023\/02\/features-1.jpg\" class=\"attachment-original size-original\" alt=\"\" srcset=\"https:\/\/www.bifff.net\/wp-content\/uploads\/2023\/02\/features-1.jpg 2500w, https:\/\/www.bifff.net\/wp-content\/uploads\/2023\/02\/features-1-800x195.jpg 800w, https:\/\/www.bifff.net\/wp-content\/uploads\/2023\/02\/features-1-1400x340.jpg 1400w, https:\/\/www.bifff.net\/wp-content\/uploads\/2023\/02\/features-1-768x187.jpg 768w, https:\/\/www.bifff.net\/wp-content\/uploads\/2023\/02\/features-1-1536x374.jpg 1536w, https:\/\/www.bifff.net\/wp-content\/uploads\/2023\/02\/features-1-2048x498.jpg 2048w, https:\/\/www.bifff.net\/wp-content\/uploads\/2023\/02\/features-1-600x146.jpg 600w\" sizes=\"auto, (max-width: 2500px) 100vw, 2500px\" \/>\t\t\t\t\t\t\n\t\t\t\t\t<\/div>\n\t\t\t\t\t\t\t\t\n<style>\n#image_1968989046 {\n  width: 100%;\n}\n<\/style>\n\t<\/div>\n\t\n\n\t<div id=\"gap-465331087\" class=\"gap-element clearfix\" style=\"display:block; height:auto;\">\n\t\t\n<style>\n#gap-465331087 {\n  padding-top: 40px;\n}\n<\/style>\n\t<\/div>\n\t\n\n<div class=\"container section-title-container\" ><h1 class=\"section-title section-title-center\"><b><\/b><span class=\"section-title-main\" >R\u00e8glement et Inscription Longs-m\u00e9trages<\/span><b><\/b><\/h1><\/div>\n\n\t<div id=\"text-3215958131\" class=\"text hidden\">\n\t\t\n\n<p style=\"text-align: center;\">Les inscriptions pour le 44\u00e8me BIFFF (avril 2026) seront ouvertes \u00e0 partir du 1er septembre 2025.<\/p>\n\t\t\t<\/div>\n\t\n<div class=\"row\"  id=\"row-775440122\">\n\n\n\t<div id=\"col-181585085\" class=\"col small-12 large-12\"  >\n\t\t\t\t<div class=\"col-inner\"  >\n\t\t\t\n\t\t\t\n\n<h1 style=\"text-align: center;\"><strong style=\"font-size: 23.04px;\">Les inscriptions sont ouvertes.<\/strong><\/h1>\n<p><strong>R\u00e8glement et Inscription Longs-m\u00e9trages<\/strong><\/p>\n<p><strong>Longs-m\u00e9trages belges (les longs m\u00e9trages qui sont \u00e0 100 % une production belge ou dont la Belgique est un pays de coproduction) <\/strong><\/p>\n<p>Envoyez-nous un lien s\u00e9curis\u00e9 de votre long-m\u00e9trage avec quelques infos (synopsis, press kit, critiques\u2026 si disponibles) \u00e0 Chris Orgelt: <a href=\"mailto:chris@bifff.net\">chris@bifff.net<\/a><\/p>\n<p>Vous pouvez aussi le soumettre par FilmFreeway:<\/p>\n\n\n<a href=\"https:\/\/filmfreeway.com\/festivals\/83328?utm_campaign=BIFFF+-+Brussels+International+Fantastic+Film+Festival&amp;utm_medium=External&amp;utm_source=Submission+Button\" target=\"_blank\" title=\"Cliquez pour soumettre sur FilmFreeway\" rel=\"noopener\"><img loading=\"lazy\" decoding=\"async\" src=\"https:\/\/public-assets.filmfreeway.com\/submission_buttons\/v2\/sm_submission_btn@2x-red.png\" title=\"Cliquez pour soumettre sur FilmFreeway\" width=\"263\" height=\"49\"><\/a>\n\n\t<div id=\"gap-1600633862\" class=\"gap-element clearfix\" style=\"display:block; height:auto;\">\n\t\t\n<style>\n#gap-1600633862 {\n  padding-top: 20px;\n}\n<\/style>\n\t<\/div>\n\t\n\n<p>Si votre film est s\u00e9lectionn\u00e9, vous recevrez tous les documents n\u00e9cessaires. Le transport aller et retour de la copie de projection est \u00e0 notre charge. Il n\u2019est pas d\u2019usage que le festival paie des frais de projection. Le format de projection accept\u00e9 est le <strong>DCP 2K <\/strong><strong>ou la <\/strong><strong>livraison num\u00e9rique<\/strong><strong>.<\/strong><\/p>\n<p>Veuillez lire attentivement le r\u00e8glement<a href=\"https:\/\/www.bifff.net\/wp-content\/uploads\/2025\/12\/REGLEMENT-BIFFF-2026-FR.docx.pdf\"> ci-joint<\/a>.<br \/>Le film doit \u00eatre pr\u00e9sent\u00e9 en <strong>avant-premi\u00e8re belge<\/strong> au minimum!<br \/>La date limite d\u2019inscription est le <strong>16 f\u00e9vrier 2026<\/strong>, mais le plus t\u00f4t qu\u2019on peut voir votre film, le mieux, bien s\u00fbr!<\/p>\n<p><strong>Longs-m\u00e9trages internationaux<\/strong><\/p>\n<p>Les inscriptions de longs-m\u00e9trages internationaux se font exclusivement sur FilmFreeway. La dur\u00e9e minimum d\u2019un long-m\u00e9trage est 60 minutes.<\/p>\n\n\n<a href=\"https:\/\/filmfreeway.com\/festivals\/83328?utm_campaign=BIFFF+-+Brussels+International+Fantastic+Film+Festival&amp;utm_medium=External&amp;utm_source=Submission+Button\" target=\"_blank\" title=\"Cliquez pour soumettre sur FilmFreeway\" rel=\"noopener\"><img loading=\"lazy\" decoding=\"async\" src=\"https:\/\/public-assets.filmfreeway.com\/submission_buttons\/v2\/sm_submission_btn@2x-red.png\" title=\"Cliquez pour soumettre sur FilmFreeway\" width=\"263\" height=\"49\"><\/a>\n\n\t<div id=\"gap-231355538\" class=\"gap-element clearfix\" style=\"display:block; height:auto;\">\n\t\t\n<style>\n#gap-231355538 {\n  padding-top: 20px;\n}\n<\/style>\n\t<\/div>\n\t\n\n<p>Veuillez lire attentivement le r\u00e8glement <u><a href=\"https:\/\/www.bifff.net\/wp-content\/uploads\/2025\/12\/REGLEMENT-BIFFF-2026-FR.docx.pdf\">ci-joint<\/a><\/u><\/p>\n<p>La date limite des inscriptions est le <strong>16 f\u00e9vrier 2026<\/strong>.<\/p>\n\n\t\t<\/div>\n\t\t\t\t\t<\/div>\n\n\t\n\n<\/div>\n\n","protected":false},"excerpt":{"rendered":"","protected":false},"author":2,"featured_media":339,"parent":1848,"menu_order":0,"comment_status":"closed","ping_status":"closed","template":"page-blank.php","meta":{"om_disable_all_campaigns":false,"_monsterinsights_skip_tracking":false,"_monsterinsights_sitenote_active":false,"_monsterinsights_sitenote_note":"","_monsterinsights_sitenote_category":0,"footnotes":""},"class_list":["post-811","page","type-page","status-publish","has-post-thumbnail","hentry"],"acf":[],"aioseo_notices":[],"_links":{"self":[{"href":"https:\/\/www.bifff.net\/fr\/wp-json\/wp\/v2\/pages\/811","targetHints":{"allow":["GET"]}}],"collection":[{"href":"https:\/\/www.bifff.net\/fr\/wp-json\/wp\/v2\/pages"}],"about":[{"href":"https:\/\/www.bifff.net\/fr\/wp-json\/wp\/v2\/types\/page"}],"author":[{"embeddable":true,"href":"https:\/\/www.bifff.net\/fr\/wp-json\/wp\/v2\/users\/2"}],"replies":[{"embeddable":true,"href":"https:\/\/www.bifff.net\/fr\/wp-json\/wp\/v2\/comments?post=811"}],"version-history":[{"count":57,"href":"https:\/\/www.bifff.net\/fr\/wp-json\/wp\/v2\/pages\/811\/revisions"}],"predecessor-version":[{"id":16263,"href":"https:\/\/www.bifff.net\/fr\/wp-json\/wp\/v2\/pages\/811\/revisions\/16263"}],"up":[{"embeddable":true,"href":"https:\/\/www.bifff.net\/fr\/wp-json\/wp\/v2\/pages\/1848"}],"wp:featuredmedia":[{"embeddable":true,"href":"https:\/\/www.bifff.net\/fr\/wp-json\/wp\/v2\/media\/339"}],"wp:attachment":[{"href":"https:\/\/www.bifff.net\/fr\/wp-json\/wp\/v2\/media?parent=811"}],"curies":[{"name":"wp","href":"https:\/\/api.w.org\/{rel}","templated":true}]}}