{"id":5485,"date":"2023-02-20T12:39:12","date_gmt":"2023-02-20T11:39:12","guid":{"rendered":"https:\/\/www.bifff.net\/comment-venir\/"},"modified":"2025-04-08T10:29:57","modified_gmt":"2025-04-08T08:29:57","slug":"comment-venir","status":"publish","type":"page","link":"https:\/\/www.bifff.net\/fr\/planifiez-votre-visite\/comment-venir\/","title":{"rendered":"Comment venir"},"content":{"rendered":"\n\n\n<iframe src=\"https:\/\/www.google.com\/maps\/embed?pb=!1m18!1m12!1m3!1d3140.049003183345!2d4.339418549300907!3d50.898416076325994!2m3!1f0!2f0!3f0!3m2!1i1024!2i768!4f13.1!3m3!1m2!1s0x47c3c237e689306b%3A0xd6fa12a87d93c30!2sPalais%2010!5e0!3m2!1sfr!2sbe!4v1676890665522!5m2!1sfr!2sbe\" width=\"1920\" height=\"500\" style=\"border:0;\" allowfullscreen=\"\" loading=\"lazy\" referrerpolicy=\"no-referrer-when-downgrade\"><\/iframe>\n\n\t<div id=\"gap-451177906\" class=\"gap-element clearfix\" style=\"display:block; height:auto;\">\n\t\t\n<style>\n#gap-451177906 {\n  padding-top: 30px;\n}\n<\/style>\n\t<\/div>\n\t\n\n<div class=\"social-icons share-icons share-row relative full-width text-center icon-style-small\" style=\"font-size:126%\"><a href=\"https:\/\/www.facebook.com\/sharer.php?u=https:\/\/www.bifff.net\/fr\/planifiez-votre-visite\/comment-venir\/\" data-label=\"Facebook\" onclick=\"window.open(this.href,this.title,'width=500,height=500,top=300px,left=300px'); return false;\" target=\"_blank\" class=\"icon plain tooltip facebook\" title=\"Partager sur Facebook\" aria-label=\"Partager sur Facebook\" rel=\"noopener nofollow\" ><i class=\"icon-facebook\" ><\/i><\/a><a href=\"https:\/\/twitter.com\/share?url=https:\/\/www.bifff.net\/fr\/planifiez-votre-visite\/comment-venir\/\" onclick=\"window.open(this.href,this.title,'width=500,height=500,top=300px,left=300px'); return false;\" target=\"_blank\" class=\"icon plain tooltip twitter\" title=\"Partager sur Twitter\" aria-label=\"Partager sur Twitter\" rel=\"noopener nofollow\" ><i class=\"icon-twitter\" ><\/i><\/a><a href=\"mailto:?subject=Comment%20venir&body=Regarde%20%C3%A7a%3A%20https%3A%2F%2Fwww.bifff.net%2Ffr%2Fplanifiez-votre-visite%2Fcomment-venir%2F\" class=\"icon plain tooltip email\" title=\"Envoyer par mail\" aria-label=\"Envoyer par mail\" rel=\"nofollow\" ><i class=\"icon-envelop\" ><\/i><\/a><\/div>\n\n\t<div id=\"gap-1894528768\" class=\"gap-element clearfix\" style=\"display:block; height:auto;\">\n\t\t\n<style>\n#gap-1894528768 {\n  padding-top: 30px;\n}\n<\/style>\n\t<\/div>\n\t\n\n<div class=\"row\"  id=\"row-799574733\">\n\n\n\t<div id=\"col-713887121\" class=\"col medium-4 small-12 large-4\"  >\n\t\t\t\t<div class=\"col-inner\"  >\n\t\t\t\n\t\t\t\n\n<div class=\"container section-title-container\" ><h3 class=\"section-title section-title-center\"><b><\/b><span class=\"section-title-main\" ><i class=\"icon-clock\" ><\/i>Date<\/span><b><\/b><\/h3><\/div>\n\n\t<div id=\"text-3460669474\" class=\"text\">\n\t\t\n\n<p>Du 8 au 20 avril<\/p>\n\t\t\n<style>\n#text-3460669474 {\n  font-size: 1.25rem;\n  text-align: center;\n}\n<\/style>\n\t<\/div>\n\t\n\n\t\t<\/div>\n\t\t\t\t\t<\/div>\n\n\t\n\n\t<div id=\"col-1579136736\" class=\"col medium-4 small-12 large-4\"  >\n\t\t\t\t<div class=\"col-inner\"  >\n\t\t\t\n\t\t\t\n\n<div class=\"container section-title-container\" ><h3 class=\"section-title section-title-center\"><b><\/b><span class=\"section-title-main\" ><i class=\"icon-map-pin-fill\" ><\/i>Adresse<\/span><b><\/b><\/h3><\/div>\n\n\t<div id=\"text-1355624622\" class=\"text\">\n\t\t\n\n<div class=\"sXLaOe\">Av. de Miramar 11, 1020 Bruxelles <\/div>\n\t\t\n<style>\n#text-1355624622 {\n  font-size: 1.25rem;\n  text-align: center;\n}\n<\/style>\n\t<\/div>\n\t\n\n\t\t<\/div>\n\t\t\t\t\t<\/div>\n\n\t\n\n\t<div id=\"col-1221416465\" class=\"col medium-4 small-12 large-4\"  >\n\t\t\t\t<div class=\"col-inner\"  >\n\t\t\t\n\t\t\t\n\n<div class=\"container section-title-container\" ><h3 class=\"section-title section-title-center\"><b><\/b><span class=\"section-title-main\" ><i class=\"icon-phone\" ><\/i>Contact<\/span><b><\/b><\/h3><\/div>\n\n\t<div id=\"text-1560401423\" class=\"text\">\n\t\t\n\n<p>T 02 201 17 13<\/p>\n\t\t\n<style>\n#text-1560401423 {\n  font-size: 1.25rem;\n  text-align: center;\n}\n<\/style>\n\t<\/div>\n\t\n\n\t\t<\/div>\n\t\t\t\t\t<\/div>\n\n\t\n\n<\/div>\n<div class=\"row\"  id=\"row-240996283\">\n\n\n\t<div id=\"col-925254082\" class=\"col small-12 large-12\"  >\n\t\t\t\t<div class=\"col-inner\"  >\n\t\t\t\n\t\t\t\n\n<div class=\"container section-title-container\" ><h2 class=\"section-title section-title-center\"><b><\/b><span class=\"section-title-main\" >Acc\u00e8s au festival<\/span><b><\/b><\/h2><\/div>\n\n\t<div id=\"text-1764685175\" class=\"text\">\n\t\t\n\n<p>Vous vous demandez comment rentrer chez vous depuis Brussels Expo (Heysel) ? Le BIFFF vous facilite la t\u00e2che, voici tous les moyens de rentrer chez vous en toute s\u00e9curit\u00e9 <\/p>\n\t\t\n<style>\n#text-1764685175 {\n  text-align: center;\n}\n<\/style>\n\t<\/div>\n\t\n\n\t\t<\/div>\n\t\t\t\t\t<\/div>\n\n\t\n\n<\/div>\n<div class=\"row\"  id=\"row-1102842572\">\n\n\n\t<div id=\"col-1174844716\" class=\"col small-12 large-12\"  >\n\t\t\t\t<div class=\"col-inner\"  >\n\t\t\t\n\t\t\t\n\n<div class=\"container section-title-container\" ><h4 class=\"section-title section-title-normal\"><b><\/b><span class=\"section-title-main\" >VENEZ EN TAXIS VERTS, RENTREZ EN COLLECTO<\/span><b><\/b><\/h4><\/div>\n\n\t<div id=\"text-3071091347\" class=\"text\">\n\t\t\n\n<div class=\"\">\n<div class=\"\">\n<p><span style=\"font-weight: 400;\"><a href=\"https:\/\/www.taxisverts.be\/\">TAXIS VERTS<\/a> vous offre 5\u20ac de cr\u00e9dit sur votre taxi vers et depuis le Heysel avec le code \u00ab FANTASY \u00bb ! Saisissez le code lors de la r\u00e9servation \u00e0 l&rsquo;\u00e9tape du paiement dans l&rsquo;appli TaxisVerts. La r\u00e9duction est imm\u00e9diate. L&rsquo;offre \u00ab FANTASY \u00bb est valable pendant toute la dur\u00e9e du festival pour les r\u00e9servations avec paiement dans l&rsquo;ap. Offre limit\u00e9e \u00e0 1 utilisation par client et \u00e0 1000 clients. Ne laissez pas cette chance s&rsquo;\u00e9vanouir dans l&rsquo;obscurit\u00e9&#8230;     <\/span><\/p>\n<p><span style=\"font-weight: 400;\">L&rsquo;arr\u00eat \u00ab BIFFF \u00bb <a href=\"https:\/\/www.collecto.be\/\">Collecto <\/a>juste \u00e0 l&rsquo;ext\u00e9rieur du festival<\/span><\/p>\n<p><span style=\"font-weight: 400;\">Notez que le BIFFF ne peut \u00eatre tenu responsable de vos trajectoires, alors soyez prudents !<\/span><\/p>\n<\/div>\n<\/div>\n<div class=\"\">\n<div class=\"\"> <\/div>\n<\/div>\n\t\t\n<style>\n#text-3071091347 {\n  text-align: center;\n}\n<\/style>\n\t<\/div>\n\t\n\n\t\t<\/div>\n\t\t\t\t\t<\/div>\n\n\t\n\n<\/div>\n<div class=\"row\"  id=\"row-441165459\">\n\n\n\t<div id=\"col-676592507\" class=\"col small-12 large-12\"  >\n\t\t\t\t<div class=\"col-inner\"  >\n\t\t\t\n\t\t\t\n\n<div class=\"container section-title-container\" ><h4 class=\"section-title section-title-normal\"><b><\/b><span class=\"section-title-main\" >STIB : Bus, tram, metro, noctis<\/span><b><\/b><\/h4><\/div>\n\n<ul>\n<li dir=\"auto\">M6 (Heysel)<\/li>\n<li dir=\"auto\">T3 (Esplanade &#8211; Travaux sur la ligne)<\/li>\n<li dir=\"auto\">T7 (Heysel &#8211; Travaux sur la ligne)<\/li>\n<li dir=\"auto\">T9 (Stade &amp; Baudouin)<\/li>\n<li dir=\"auto\">T51 (Stade)<\/li>\n<li dir=\"auto\">T93 (Stade)<\/li>\n<li dir=\"auto\">B83 (Heysel &amp; Palais 12)<\/li>\n<li dir=\"auto\">Night Bus Noctis 18 (Heysel) <\/li>\n<\/ul>\n\n\t\t<\/div>\n\t\t\t\t\t<\/div>\n\n\t\n\n<\/div>\n<div class=\"row\"  id=\"row-1739692546\">\n\n\n\t<div id=\"col-562948586\" class=\"col small-12 large-12\"  >\n\t\t\t\t<div class=\"col-inner\"  >\n\t\t\t\n\t\t\t\n\n<div class=\"container section-title-container\" ><h4 class=\"section-title section-title-normal\"><b><\/b><span class=\"section-title-main\" >De lijn : Bus<\/span><b><\/b><\/h4><\/div>\n\n<ul>\n<li dir=\"auto\"><span class=\"\">DL R50- R60-820 (Brussels Expo, Madelon)<\/span><\/li>\n<li dir=\"auto\"><span class=\"\">DL 240-241-242-243-R50 (Stadion)<\/span><\/li>\n<\/ul>\n\n\t\t<\/div>\n\t\t\t\t\t<\/div>\n\n\t\n\n<\/div>\n\n\t<section class=\"section\" id=\"section_1066431221\">\n\t\t<div class=\"section-bg fill\" >\n\t\t\t\t\t\t\t\t\t\n\t\t\t\n\n\t\t<\/div>\n\n\t\t\n\n\t\t<div class=\"section-content relative\">\n\t\t\t\n\n<div class=\"row\"  id=\"row-100676864\">\n\n\n\t<div id=\"col-429542432\" class=\"col small-12 large-12\"  >\n\t\t\t\t<div class=\"col-inner text-center\"  >\n\t\t\t\n\t\t\t\n\n\n\t\t<style>\n\t\t\t#wpls-logo-showcase-slider-1 .wpls-fix-box,\n\t\t\t#wpls-logo-showcase-slider-1 .wpls-fix-box img.wp-post-image{max-height:80px; }\n\t\t<\/style>\n\n\t\t<div class=\"wpls-wrap wpls-logo-showcase-slider-wrp wpls-logo-clearfix wpls-design-1 \" data-conf=\"{&quot;slides_column&quot;:&quot;6&quot;,&quot;slides_scroll&quot;:&quot;1&quot;,&quot;dots&quot;:&quot;false&quot;,&quot;arrows&quot;:&quot;true&quot;,&quot;autoplay&quot;:&quot;true&quot;,&quot;autoplay_interval&quot;:3000,&quot;loop&quot;:&quot;true&quot;,&quot;rtl&quot;:&quot;false&quot;,&quot;speed&quot;:800,&quot;center_mode&quot;:&quot;false&quot;,&quot;lazyload&quot;:&quot;&quot;}\">\n\t\t\t<div class=\"wpls-logo-showcase logo_showcase wpls-logo-slider  sliderimage_hide_border wpls-dots-false\" id=\"wpls-logo-showcase-slider-1\" >\n\t\t\t\t<div class=\"wpls-logo-cnt\">\n\t<div class=\"wpls-fix-box\">\n\t\t\t\t<a href=\"https:\/\/www.aireuropa.com\/be\/fr\/home\" target=\"_blank\">\n\t\t\t<img decoding=\"async\" class=\"wp-post-image\"  src=\"https:\/\/www.bifff.net\/wp-content\/uploads\/2023\/02\/AEV1_Blue-JPEG.jpg\" alt=\"\" \/>\n\t\t<\/a>\n\t\t\t<\/div>\n\t<\/div><div class=\"wpls-logo-cnt\">\n\t<div class=\"wpls-fix-box\">\n\t\t\t\t<a href=\"https:\/\/www.bestwestern-royal-bruxelles.be\/\" target=\"_blank\">\n\t\t\t<img decoding=\"async\" class=\"wp-post-image\"  src=\"https:\/\/www.bifff.net\/wp-content\/uploads\/2025\/03\/HotelBestWestern_RoyalCentre_3lignesnoir2022.png\" alt=\"Logo Hotel Best Western Royal centre\" \/>\n\t\t<\/a>\n\t\t\t<\/div>\n\t<\/div><div class=\"wpls-logo-cnt\">\n\t<div class=\"wpls-fix-box\">\n\t\t\t\t<a href=\"https:\/\/www.collecto.be\/\" target=\"_blank\">\n\t\t\t<img decoding=\"async\" class=\"wp-post-image\"  src=\"https:\/\/www.bifff.net\/wp-content\/uploads\/2025\/03\/images-1.jpeg\" alt=\"COllecto logo\" \/>\n\t\t<\/a>\n\t\t\t<\/div>\n\t<\/div><div class=\"wpls-logo-cnt\">\n\t<div class=\"wpls-fix-box\">\n\t\t\t\t<a href=\"https:\/\/www.ihg.com\/hotelindigo\/hotels\/fr\/fr\/reservation\" target=\"_blank\">\n\t\t\t<img decoding=\"async\" class=\"wp-post-image\"  src=\"https:\/\/www.bifff.net\/wp-content\/uploads\/2025\/03\/IHG_indigo_blue_no_background_BRUSSELS-CITY.png\" alt=\"Logo indigo hotel\" \/>\n\t\t<\/a>\n\t\t\t<\/div>\n\t<\/div><div class=\"wpls-logo-cnt\">\n\t<div class=\"wpls-fix-box\">\n\t\t\t\t<a href=\"https:\/\/www.serrabrussels.be\/\" target=\"_blank\">\n\t\t\t<img decoding=\"async\" class=\"wp-post-image\"  src=\"https:\/\/www.bifff.net\/wp-content\/uploads\/2025\/03\/SERRA_10cm_blauw_150ppi_rgb-300x69-1.png\" alt=\"SERRA logo\" \/>\n\t\t<\/a>\n\t\t\t<\/div>\n\t<\/div><div class=\"wpls-logo-cnt\">\n\t<div class=\"wpls-fix-box\">\n\t\t\t\t<a href=\"https:\/\/www.taxisverts.be\/\" target=\"_blank\">\n\t\t\t<img decoding=\"async\" class=\"wp-post-image\"  src=\"https:\/\/www.bifff.net\/wp-content\/uploads\/2023\/02\/tv-logo-full-Taxis-vert-colorAMP-1.png\" alt=\"\" \/>\n\t\t<\/a>\n\t\t\t<\/div>\n\t<\/div><div class=\"wpls-logo-cnt\">\n\t<div class=\"wpls-fix-box\">\n\t\t\t\t<a href=\"https:\/\/www.visit.brussels\/fr\/visiteurs\" target=\"_blank\">\n\t\t\t<img decoding=\"async\" class=\"wp-post-image\"  src=\"https:\/\/www.bifff.net\/wp-content\/uploads\/2023\/02\/VisitBrussels_Logotype_Compact_RVB_Noir.jpg\" alt=\"\" \/>\n\t\t<\/a>\n\t\t\t<\/div>\n\t<\/div>\t\t\t<\/div>\n\t\t<\/div>\n\n\t\t\n\n\t\t<\/div>\n\t\t\t\t\t<\/div>\n\n\t\n\n<\/div>\n\n\t\t<\/div>\n\n\t\t\n<style>\n#section_1066431221 {\n  padding-top: 30px;\n  padding-bottom: 30px;\n}\n<\/style>\n\t<\/section>\n\t\n\n","protected":false},"excerpt":{"rendered":"","protected":false},"author":2,"featured_media":0,"parent":5497,"menu_order":0,"comment_status":"closed","ping_status":"closed","template":"page-blank.php","meta":{"om_disable_all_campaigns":false,"_monsterinsights_skip_tracking":false,"_monsterinsights_sitenote_active":false,"_monsterinsights_sitenote_note":"","_monsterinsights_sitenote_category":0,"footnotes":""},"class_list":["post-5485","page","type-page","status-publish","hentry"],"acf":[],"aioseo_notices":[],"_links":{"self":[{"href":"https:\/\/www.bifff.net\/fr\/wp-json\/wp\/v2\/pages\/5485","targetHints":{"allow":["GET"]}}],"collection":[{"href":"https:\/\/www.bifff.net\/fr\/wp-json\/wp\/v2\/pages"}],"about":[{"href":"https:\/\/www.bifff.net\/fr\/wp-json\/wp\/v2\/types\/page"}],"author":[{"embeddable":true,"href":"https:\/\/www.bifff.net\/fr\/wp-json\/wp\/v2\/users\/2"}],"replies":[{"embeddable":true,"href":"https:\/\/www.bifff.net\/fr\/wp-json\/wp\/v2\/comments?post=5485"}],"version-history":[{"count":15,"href":"https:\/\/www.bifff.net\/fr\/wp-json\/wp\/v2\/pages\/5485\/revisions"}],"predecessor-version":[{"id":15542,"href":"https:\/\/www.bifff.net\/fr\/wp-json\/wp\/v2\/pages\/5485\/revisions\/15542"}],"up":[{"embeddable":true,"href":"https:\/\/www.bifff.net\/fr\/wp-json\/wp\/v2\/pages\/5497"}],"wp:attachment":[{"href":"https:\/\/www.bifff.net\/fr\/wp-json\/wp\/v2\/media?parent=5485"}],"curies":[{"name":"wp","href":"https:\/\/api.w.org\/{rel}","templated":true}]}}