{"id":5257,"date":"2023-03-29T17:32:50","date_gmt":"2023-03-29T15:32:50","guid":{"rendered":"https:\/\/www.bifff.net\/liste-dinvites\/"},"modified":"2025-04-09T18:05:15","modified_gmt":"2025-04-09T16:05:15","slug":"liste-dinvites","status":"publish","type":"page","link":"https:\/\/www.bifff.net\/fr\/liste-dinvites\/","title":{"rendered":"Liste d&rsquo;invit\u00e9s"},"content":{"rendered":"\n<div class=\"container section-title-container\" ><h2 class=\"section-title section-title-center\"><b><\/b><span class=\"section-title-main\" >PR\u00c9PAREZ-VOUS \u00c0 RENCONTRER LA CR\u00c8ME DU CAVIAR DE FANTAISIE !<\/span><b><\/b><\/h2><\/div>\n\n<p style=\"text-align: center;\"><span data-olk-copy-source=\"MessageBody\">Cette ann\u00e9e encore, nous avons parcouru les continents pour vous proposer une s\u00e9lection d&rsquo;invit\u00e9s incontournables du cin\u00e9ma de genre. Toutes ces personnalit\u00e9s arriveront en chair et en os des quatre coins du globe dans notre capitale bruxelloise. N&rsquo;h\u00e9sitez donc pas \u00e0 venir les rencontrer au BIFFF : ils ne mordent pas (enfin&#8230; normalement) !  <\/span><\/p>\n<div class=\"display-posts-listing grid\"><div class=\"listing-item\"><a class=\"title\" href=\"https:\/\/www.bifff.net\/fr\/guest\/aaron-fisher\/\">Aaron Fisher<\/a><\/div><div class=\"listing-item\"><a class=\"title\" href=\"https:\/\/www.bifff.net\/fr\/guest\/ashton-sanders\/\">Ashton Sanders<\/a><\/div><div class=\"listing-item\"><a class=\"title\" href=\"https:\/\/www.bifff.net\/fr\/guest\/benjamin-norris\/\">Benjamin Norris<\/a><\/div><div class=\"listing-item\"><a class=\"title\" href=\"https:\/\/www.bifff.net\/fr\/guest\/clement-virgo\/\">Clement Virgo<\/a><\/div><div class=\"listing-item\"><a class=\"title\" href=\"https:\/\/www.bifff.net\/fr\/guest\/elias-kacavas\/\">Elias Kacavas<\/a><\/div><div class=\"listing-item\"><a class=\"title\" href=\"https:\/\/www.bifff.net\/fr\/guest\/ellen-toland\/\">Ellen Toland<\/a><\/div><div class=\"listing-item\"><a class=\"title\" href=\"https:\/\/www.bifff.net\/fr\/guest\/graham-guit\/\">Graham Guit<\/a><\/div><div class=\"listing-item\"><a class=\"title\" href=\"https:\/\/www.bifff.net\/fr\/guest\/gregory-morin\/\">Gr\u00e9gory Morin<\/a><\/div><div class=\"listing-item\"><a class=\"title\" href=\"https:\/\/www.bifff.net\/fr\/guest\/jonathan-lambert\/\">Jonathan Lambert<\/a><\/div><div class=\"listing-item\"><a class=\"title\" href=\"https:\/\/www.bifff.net\/fr\/guest\/julia-jackman\/\">Julia Jackman<\/a><\/div><div class=\"listing-item\"><a class=\"title\" href=\"https:\/\/www.bifff.net\/fr\/guest\/kenichi-ugana\/\">Kenichi Ugana<\/a><\/div><div class=\"listing-item\"><a class=\"title\" href=\"https:\/\/www.bifff.net\/fr\/guest\/kirby-johnson\/\">Kirby Johnson<\/a><\/div><div class=\"listing-item\"><a class=\"title\" href=\"https:\/\/www.bifff.net\/fr\/guest\/lilimar\/\">Lilimar<\/a><\/div><div class=\"listing-item\"><a class=\"title\" href=\"https:\/\/www.bifff.net\/fr\/guest\/melvil-poupaud\/\">Melvil Poupaud<\/a><\/div><div class=\"listing-item\"><a class=\"title\" href=\"https:\/\/www.bifff.net\/fr\/guest\/odeya-rush\/\">Odeya Rush<\/a><\/div><div class=\"listing-item\"><a class=\"title\" href=\"https:\/\/www.bifff.net\/fr\/guest\/omar-sharif-jr\/\">Omar Sharif Jr<\/a><\/div><div class=\"listing-item\"><a class=\"title\" href=\"https:\/\/www.bifff.net\/fr\/guest\/paul-urkijo\/\">Paul Urkijo<\/a><\/div><div class=\"listing-item\"><a class=\"title\" href=\"https:\/\/www.bifff.net\/fr\/guest\/richard-brake\/\">Richard Brake<\/a><\/div><div class=\"listing-item\"><a class=\"title\" href=\"https:\/\/www.bifff.net\/fr\/guest\/ritesh-gupta\/\">Ritesh Gupta<\/a><\/div><div class=\"listing-item\"><a class=\"title\" href=\"https:\/\/www.bifff.net\/fr\/guest\/romain-daudet-jahan\/\">Romain Daudet-Jahan<\/a><\/div><div class=\"listing-item\"><a class=\"title\" href=\"https:\/\/www.bifff.net\/fr\/guest\/sam-voutas\/\">Sam Voutas<\/a><\/div><div class=\"listing-item\"><a class=\"title\" href=\"https:\/\/www.bifff.net\/fr\/guest\/sasha-lane\/\">Sasha Lane<\/a><\/div><div class=\"listing-item\"><a class=\"title\" href=\"https:\/\/www.bifff.net\/fr\/guest\/scott-chambers\/\">Scott Chambers<\/a><\/div><div class=\"listing-item\"><a class=\"title\" href=\"https:\/\/www.bifff.net\/fr\/guest\/sean-cisterna\/\">Sean Cisterna<\/a><\/div><div class=\"listing-item\"><a class=\"title\" href=\"https:\/\/www.bifff.net\/fr\/guest\/simeon-halligan\/\">Simeon Halligan<\/a><\/div><div class=\"listing-item\"><a class=\"title\" href=\"https:\/\/www.bifff.net\/fr\/guest\/sung-moon-jin\/\">Sung-Moon Jin<\/a><\/div><div class=\"listing-item\"><a class=\"title\" href=\"https:\/\/www.bifff.net\/fr\/guest\/taratoa-stappard\/\">Taratoa Stappard<\/a><\/div><div class=\"listing-item\"><a class=\"title\" href=\"https:\/\/www.bifff.net\/fr\/guest\/taylor-alvarez\/\">Tyler Alvarez<\/a><\/div><div class=\"listing-item\"><a class=\"title\" href=\"https:\/\/www.bifff.net\/fr\/guest\/tyler-savage\/\">Tyler Savage<\/a><\/div><div class=\"listing-item\"><a class=\"title\" href=\"https:\/\/www.bifff.net\/fr\/guest\/uri-singer\/\">Uri Singer<\/a><\/div><div class=\"listing-item\"><a class=\"title\" href=\"https:\/\/www.bifff.net\/fr\/guest\/zion-moreno\/\">Zion Moreno<\/a><\/div><\/div>\n\n","protected":false},"excerpt":{"rendered":"","protected":false},"author":1,"featured_media":0,"parent":0,"menu_order":0,"comment_status":"closed","ping_status":"closed","template":"","meta":{"om_disable_all_campaigns":false,"_monsterinsights_skip_tracking":false,"_monsterinsights_sitenote_active":false,"_monsterinsights_sitenote_note":"","_monsterinsights_sitenote_category":0,"footnotes":""},"class_list":["post-5257","page","type-page","status-publish","hentry"],"acf":[],"aioseo_notices":[],"_links":{"self":[{"href":"https:\/\/www.bifff.net\/fr\/wp-json\/wp\/v2\/pages\/5257","targetHints":{"allow":["GET"]}}],"collection":[{"href":"https:\/\/www.bifff.net\/fr\/wp-json\/wp\/v2\/pages"}],"about":[{"href":"https:\/\/www.bifff.net\/fr\/wp-json\/wp\/v2\/types\/page"}],"author":[{"embeddable":true,"href":"https:\/\/www.bifff.net\/fr\/wp-json\/wp\/v2\/users\/1"}],"replies":[{"embeddable":true,"href":"https:\/\/www.bifff.net\/fr\/wp-json\/wp\/v2\/comments?post=5257"}],"version-history":[{"count":5,"href":"https:\/\/www.bifff.net\/fr\/wp-json\/wp\/v2\/pages\/5257\/revisions"}],"predecessor-version":[{"id":15560,"href":"https:\/\/www.bifff.net\/fr\/wp-json\/wp\/v2\/pages\/5257\/revisions\/15560"}],"wp:attachment":[{"href":"https:\/\/www.bifff.net\/fr\/wp-json\/wp\/v2\/media?parent=5257"}],"curies":[{"name":"wp","href":"https:\/\/api.w.org\/{rel}","templated":true}]}}