{"id":16417,"date":"2026-01-22T16:08:52","date_gmt":"2026-01-22T15:08:52","guid":{"rendered":"https:\/\/www.bifff.net\/?page_id=16417"},"modified":"2026-03-18T14:57:50","modified_gmt":"2026-03-18T13:57:50","slug":"vendez-votre-ame","status":"publish","type":"page","link":"https:\/\/www.bifff.net\/fr\/vendez-votre-ame\/","title":{"rendered":"Vendez votre \u00e2me"},"content":{"rendered":"\n\n\n<form method=\"post\" action=\"https:\/\/newsletter.infomaniak.com\/external\/submit\" class=\"inf-form\"><input type=\"email\" name=\"email\" style=\"display:none\" \/><input type=\"hidden\" name=\"key\" value=\"eyJpdiI6Ik44Q1lvTHc5SVVXSm8rOGZHVEhZaUJ6MDI4OHhGOEV3OFNFcUtwUzlkUjg9IiwibWFjIjoiOGZkZjRjNjkzMjA5OTU5Y2Y0NzQ3OWRhMmRkMGNhNGFlZTU4MjE4NzllMDYyMDhmNWIwMTg0M2NiYWJlMTg4OCIsInZhbHVlIjoiWXU5Vnk3MjBhcEhjbWxJWmM3NWdLZ1FmS3BSNVFUS3VCeDVoQ1BFNzU2dz0ifQ==\"><input type=\"hidden\" name=\"webform_id\" value=\"22826\"><style> .inf-main_f10a50dc1a125c20236ec09aa242c36b{ background-color:#f5f5f5; padding:25px 20px; margin:25px auto; } .inf-main_f10a50dc1a125c20236ec09aa242c36b .inf-content { margin-top:13px;} .inf-main_f10a50dc1a125c20236ec09aa242c36b h4, .inf-main_f10a50dc1a125c20236ec09aa242c36b span, .inf-main_f10a50dc1a125c20236ec09aa242c36b label, .inf-main_f10a50dc1a125c20236ec09aa242c36b input, .inf-main_f10a50dc1a125c20236ec09aa242c36b .inf-submit, .inf-main_f10a50dc1a125c20236ec09aa242c36b .inf-success p a { color:#555555; font-size:14px; } .inf-main_f10a50dc1a125c20236ec09aa242c36b h4{ font-size:18px; margin:0px 0px 13px 0px; } .inf-main_f10a50dc1a125c20236ec09aa242c36b h4, .inf-main_f10a50dc1a125c20236ec09aa242c36b label{ font-weight:bold; } .inf-main_f10a50dc1a125c20236ec09aa242c36b .inf-input { margin-bottom:7px; } .inf-main_f10a50dc1a125c20236ec09aa242c36b label { display:block;} .inf-main_f10a50dc1a125c20236ec09aa242c36b input{ height:35px; color:#999999; border: 1px solid #E9E9E9; border:none; padding-left:7px; } .inf-main_f10a50dc1a125c20236ec09aa242c36b .inf-input.inf-error label, .inf-main_f10a50dc1a125c20236ec09aa242c36b .inf-input.inf-error span.inf-message{ color: #cc0033; } .inf-main_f10a50dc1a125c20236ec09aa242c36b .inf-input.inf-error input{ border: 1px solid #cc0033; } .inf-main_f10a50dc1a125c20236ec09aa242c36b .inf-input input { width:100%;} .inf-main_f10a50dc1a125c20236ec09aa242c36b .inf-input.inf-error span.inf-message { display: block; } .inf-main_f10a50dc1a125c20236ec09aa242c36b .inf-submit { text-align:right;} .inf-main_f10a50dc1a125c20236ec09aa242c36b .inf-submit input{ background-color:#777777; color:#ffffff; border:none; font-weight: normal; height:auto; padding:7px; } .inf-main_f10a50dc1a125c20236ec09aa242c36b .inf-submit input.disabled{ opacity: 0.4; } .inf-btn { color: rgb(85, 85, 85); border: medium none; font-weight: normal; height: auto; padding: 7px; display: inline-block; background-color: white; box-shadow: 0px 1px 1px rgba(0, 0, 0, 0.24); border-radius: 2px; line-height: 1em; } .inf-rgpd { margin:25px 0px 15px 0px; color:#555555; } .altcha-label span { color: #555 } <\/style><div class=\"inf-main_f10a50dc1a125c20236ec09aa242c36b\"> <h4>Vendez votre \u00e2me au BIFFF !<\/h4> <span>Pour ne rien manquer de l\u2019actu du BIFFF. Inscrivez-vous et restez inform\u00e9s de tout ce qui arrive !<\/span> <div class=\"inf-success\" style=\"display:none\"> <h4>Votre inscription a \u00e9t\u00e9 enregistr\u00e9e avec succ\u00e8s !<\/h4> <p> <a href=\"#\" class=\"inf-btn\">&laquo;<\/a> <\/p> <\/div> <div class=\"inf-content\"> <div class=\"inf-input inf-input-text\"> <input type=\"email\" name=\"inf[1]\" data-inf-meta=\"1\" data-inf-error=\"\" required=\"required\" placeholder=\"Email *\" > <\/div> <div class=\"inf-input inf-input-text\"> <input type=\"text\" name=\"inf[2]\" data-inf-meta=\"2\" data-inf-error=\"\" required=\"required\" placeholder=\"firstname *\" > <\/div> <div class=\"inf-input inf-input-text\"> <input type=\"text\" name=\"inf[3]\" data-inf-meta=\"3\" data-inf-error=\"\" required=\"required\" placeholder=\"lastname *\" > <\/div> <div class=\"inf-input inf-input-text\"> <input type=\"text\" name=\"inf[29770]\" data-inf-meta=\"29770\" data-inf-error=\"\" required=\"required\" placeholder=\"Pays *\" > <\/div> <div class=\"inf-rgpd\">Votre adresse de messagerie est uniquement utilis\u00e9e pour vous envoyer notre lettre d&#039;information ainsi que des informations concernant nos activit\u00e9s. Vous pouvez \u00e0 tout moment utiliser le lien de d\u00e9sabonnement int\u00e9gr\u00e9 dans chacun de nos mails.<\/div>  <div class=\"inf-submit\"> <input type=\"submit\" style=\"margin-top: 25px;\" name=\"\" value=\"Valider\"> <\/div> <\/div> <\/div> <\/form>\n\n\n\n\n<p><\/p>\n","protected":false},"excerpt":{"rendered":"","protected":false},"author":8,"featured_media":0,"parent":0,"menu_order":0,"comment_status":"closed","ping_status":"closed","template":"","meta":{"om_disable_all_campaigns":false,"_monsterinsights_skip_tracking":false,"_monsterinsights_sitenote_active":false,"_monsterinsights_sitenote_note":"","_monsterinsights_sitenote_category":0,"footnotes":""},"class_list":["post-16417","page","type-page","status-publish","hentry"],"acf":[],"aioseo_notices":[],"_links":{"self":[{"href":"https:\/\/www.bifff.net\/fr\/wp-json\/wp\/v2\/pages\/16417","targetHints":{"allow":["GET"]}}],"collection":[{"href":"https:\/\/www.bifff.net\/fr\/wp-json\/wp\/v2\/pages"}],"about":[{"href":"https:\/\/www.bifff.net\/fr\/wp-json\/wp\/v2\/types\/page"}],"author":[{"embeddable":true,"href":"https:\/\/www.bifff.net\/fr\/wp-json\/wp\/v2\/users\/8"}],"replies":[{"embeddable":true,"href":"https:\/\/www.bifff.net\/fr\/wp-json\/wp\/v2\/comments?post=16417"}],"version-history":[{"count":9,"href":"https:\/\/www.bifff.net\/fr\/wp-json\/wp\/v2\/pages\/16417\/revisions"}],"predecessor-version":[{"id":18330,"href":"https:\/\/www.bifff.net\/fr\/wp-json\/wp\/v2\/pages\/16417\/revisions\/18330"}],"wp:attachment":[{"href":"https:\/\/www.bifff.net\/fr\/wp-json\/wp\/v2\/media?parent=16417"}],"curies":[{"name":"wp","href":"https:\/\/api.w.org\/{rel}","templated":true}]}}