{"id":15842,"date":"2025-09-18T11:13:18","date_gmt":"2025-09-18T09:13:18","guid":{"rendered":"https:\/\/www.bifff.net\/bif-market\/"},"modified":"2025-09-18T12:07:11","modified_gmt":"2025-09-18T10:07:11","slug":"bif-market","status":"publish","type":"page","link":"https:\/\/www.bifff.net\/fr\/bif-market\/","title":{"rendered":"BIF Market"},"content":{"rendered":"\n  <div id=\"page-header-1624480722\" class=\"page-header-wrapper\">\n  <div class=\"page-title dark featured-title\">\n\n        <div class=\"page-title-bg\">\n      <div class=\"title-bg fill bg-fill\"\n        data-parallax-container=\".page-title\"\n        data-parallax-background\n        data-parallax=\"-\">\n      <\/div>\n      <div class=\"title-overlay fill\"><\/div>\n    <\/div>\n    \n    <div class=\"page-title-inner container align-center flex-row medium-flex-wrap\" >\n              <div class=\"title-wrapper flex-col text-left medium-text-center\">\n          <h1 class=\"entry-title mb-0\">\n            BIF Market          <\/h1>\n        <\/div>\n                    <div class=\"title-content flex-col flex-right text-right medium-text-center\">\n        <div class=\"title-breadcrumbs pb-half pt-half\"><nav class=\"woocommerce-breadcrumb breadcrumbs uppercase\">Accueil<\/nav><\/div>      <\/div>\n    <\/div>\n\n     \n<style>\n#page-header-1624480722 .title-bg {\n  background-image: url(https:\/\/www.bifff.net\/wp-content\/uploads\/2025\/09\/Banner-site-web-BM_2025-3-1-1.png);\n}\n<\/style>\n  <\/div>\n    <\/div>\n  \n\n<div class=\"is-divider divider clearfix\" ><\/div>\n\n<div class=\"container section-title-container\" ><h3 class=\"section-title section-title-normal\"><b><\/b><span class=\"section-title-main\" >Offre de Stage<\/span><b><\/b><\/h3><\/div>\n\n<p> Depuis sa cr\u00e9ation en 2017, le BIF Market s\u2019est impos\u00e9 comme un rendez-vous incontournable du cin\u00e9ma de genre (fantastique, horreur, science-fiction, thriller). Chaque ann\u00e9e, il r\u00e9unit des centaines de professionnel\u00b7le\u00b7s du monde entier : producteurs, distributeurs, agents de vente, institutions, fonds d\u2019investissement et festivals. <br \/> Ce stage plonge le\u00b7la stagiaire au c\u0153ur d\u2019un environnement international et passionn\u00e9 de cin\u00e9ma, en lien direct avec les acteurs majeurs de l\u2019industrie.<\/p>\n<div class=\"is-divider divider clearfix\" ><\/div>\n\n<a href=\"https:\/\/www.bifff.net\/wp-content\/uploads\/2025\/09\/Offre-de-Stage-\u2013-Assistant\u00b7e-Graphisme-Communication-Visuelle.pdf\" class=\"button primary\"  >\n\t\t<span>Assistant\u00b7e Graphisme &amp; Communication Visuelle<\/span>\n\t<\/a>\n\n\n<div class=\"is-divider divider clearfix\" ><\/div>\n\n<a href=\"https:\/\/www.bifff.net\/wp-content\/uploads\/2025\/09\/Offre-de-Stage-\u2013-Assistant\u00b7e-Organisation-Evenementiel.pdf\" class=\"button primary\"  >\n\t\t<span>Assistant\u00b7e Coordination &amp; \u00c9v\u00e8nementiel<\/span>\n\t<\/a>\n\n\n<div class=\"is-divider divider clearfix\" ><\/div>\n\n<a href=\"https:\/\/www.bifff.net\/wp-content\/uploads\/2025\/09\/Offre-de-Stage-\u2013-Assistant\u00b7e-Marketing-Communication-BIF-Market_.pdf\" class=\"button primary\"  >\n\t\t<span>Assistant\u00b7e Marketing &amp; Communication<\/span>\n\t<\/a>\n\n\n\n","protected":false},"excerpt":{"rendered":"","protected":false},"author":3,"featured_media":15813,"parent":0,"menu_order":0,"comment_status":"closed","ping_status":"closed","template":"","meta":{"om_disable_all_campaigns":false,"_monsterinsights_skip_tracking":false,"_monsterinsights_sitenote_active":false,"_monsterinsights_sitenote_note":"","_monsterinsights_sitenote_category":0,"footnotes":""},"class_list":["post-15842","page","type-page","status-publish","has-post-thumbnail","hentry"],"acf":[],"aioseo_notices":[],"_links":{"self":[{"href":"https:\/\/www.bifff.net\/fr\/wp-json\/wp\/v2\/pages\/15842","targetHints":{"allow":["GET"]}}],"collection":[{"href":"https:\/\/www.bifff.net\/fr\/wp-json\/wp\/v2\/pages"}],"about":[{"href":"https:\/\/www.bifff.net\/fr\/wp-json\/wp\/v2\/types\/page"}],"author":[{"embeddable":true,"href":"https:\/\/www.bifff.net\/fr\/wp-json\/wp\/v2\/users\/3"}],"replies":[{"embeddable":true,"href":"https:\/\/www.bifff.net\/fr\/wp-json\/wp\/v2\/comments?post=15842"}],"version-history":[{"count":5,"href":"https:\/\/www.bifff.net\/fr\/wp-json\/wp\/v2\/pages\/15842\/revisions"}],"predecessor-version":[{"id":15861,"href":"https:\/\/www.bifff.net\/fr\/wp-json\/wp\/v2\/pages\/15842\/revisions\/15861"}],"wp:featuredmedia":[{"embeddable":true,"href":"https:\/\/www.bifff.net\/fr\/wp-json\/wp\/v2\/media\/15813"}],"wp:attachment":[{"href":"https:\/\/www.bifff.net\/fr\/wp-json\/wp\/v2\/media?parent=15842"}],"curies":[{"name":"wp","href":"https:\/\/api.w.org\/{rel}","templated":true}]}}