{"id":15398,"date":"2026-03-16T11:55:56","date_gmt":"2026-03-16T10:55:56","guid":{"rendered":"https:\/\/www.bifff.net\/?page_id=15398"},"modified":"2026-03-25T15:08:04","modified_gmt":"2026-03-25T14:08:04","slug":"knights-of-the-order-of-the-raven","status":"publish","type":"page","link":"https:\/\/www.bifff.net\/fr\/knights-of-the-order-of-the-raven\/","title":{"rendered":"KNIGHTS OF THE ORDER OF THE RAVEN"},"content":{"rendered":"\n<div class=\"container section-title-container\" ><h2 class=\"section-title section-title-center\"><b><\/b><span class=\"section-title-main\" >KNIGHTS OF THE ORDER OF THE RAVEN<\/span><b><\/b><\/h2><\/div>\n\n\n\t\t<div class=\"tabbed-content\">\n\t\t\t\n\t\t\t<ul class=\"nav nav-outline nav-uppercase nav-size-normal nav-center\" role=\"tablist\"><li id=\"tab-asia-argento\" class=\"tab active has-icon\" role=\"presentation\"><a href=\"#tab_asia-argento\" role=\"tab\" aria-selected=\"true\" aria-controls=\"tab_asia-argento\"><span>Asia Argento<\/span><\/a><\/li>\n<li id=\"tab-adrienne-barbeau\" class=\"tab has-icon\" role=\"presentation\"><a href=\"#tab_adrienne-barbeau\" tabindex=\"-1\" role=\"tab\" aria-selected=\"false\" aria-controls=\"tab_adrienne-barbeau\"><span>Adrienne Barbeau<\/span><\/a><\/li><\/ul><div class=\"tab-panels\"><div id=\"tab_asia-argento\" class=\"panel active entry-content\" role=\"tabpanel\" aria-labelledby=\"tab-asia-argento\">\n\n\t<div id=\"gap-1791526494\" class=\"gap-element clearfix\" style=\"display:block; height:auto;\">\n\t\t\n<style>\n#gap-1791526494 {\n  padding-top: 30px;\n}\n<\/style>\n\t<\/div>\n\t\n\n<div class=\"row align-middle\"  id=\"row-1175903456\">\n\n\n\t<div id=\"col-325349448\" class=\"col medium-4 small-12 large-4\"  >\n\t\t\t\t<div class=\"col-inner\"  >\n\t\t\t\n\t\t\t\n\n\n  <div class=\"banner has-hover\" id=\"banner-630047561\">\n          <div class=\"banner-inner fill\">\n        <div class=\"banner-bg fill\" >\n            <img loading=\"lazy\" decoding=\"async\" width=\"1170\" height=\"1337\" src=\"https:\/\/www.bifff.net\/wp-content\/uploads\/2026\/03\/IMG_7011.jpg\" class=\"bg attachment-original size-original\" alt=\"\" \/>                                    \n                    <\/div>\n\t\t\n        <div class=\"banner-layers container\">\n            <div class=\"fill banner-link\"><\/div>            \n\n\n        <\/div>\n      <\/div>\n\n            \n<style>\n#banner-630047561 {\n  padding-top: 350px;\n}\n#banner-630047561 .banner-bg img {\n  object-position: 52% 0%;\n}\n@media (min-width:550px) {\n  #banner-630047561 {\n    padding-top: 400px;\n  }\n}\n<\/style>\n  <\/div>\n\n\n\n\t\t<\/div>\n\t\t\t\t\t<\/div>\n\n\t\n\n\t<div id=\"col-1919190435\" class=\"col medium-8 small-12 large-8\"  >\n\t\t\t\t<div class=\"col-inner\"  >\n\t\t\t\n\t\t\t\n\n<div class=\"container section-title-container\" ><h3 class=\"section-title section-title-normal\"><b><\/b><span class=\"section-title-main\" >Asia Argento<\/span><b><\/b><\/h3><\/div>\n\n<p style=\"text-align: justify;\">Asia Argento, fille du r\u00e9alisateur italien Dario Argento, fait ses d\u00e9buts \u00e0 11 ans dans D\u00c9MONS 2. Elle a jou\u00e9 dans plusieurs films de son p\u00e8re, ce qui l\u2019a \u00e9tablie comme actrice de cin\u00e9ma de genre. Elle devient c\u00e9l\u00e8bre internationalement avec LA REINE MARGOT et B MONKEY. Elle r\u00e9alise ensuite deux films personnels acclam\u00e9s par la critique. Elle continue sa carri\u00e8re entre l\u2019Italie et la France, tournant dans plusieurs films. Elle a \u00e9galement pr\u00e9sid\u00e9 les jurys des festivals de G\u00e9rardmer et de Montpellier.<\/p>\n<h3>4 avril (avant la projection de \u00ab\u00a0Stronger Than the Devil\u00a0\u00bb)<\/h3>\n\n\t\t<\/div>\n\t\t\t\t\t<\/div>\n\n\t\n\n<\/div>\n\n<\/div>\n<div id=\"tab_adrienne-barbeau\" class=\"panel entry-content\" role=\"tabpanel\" aria-labelledby=\"tab-adrienne-barbeau\">\n\n\t<div id=\"gap-638039233\" class=\"gap-element clearfix\" style=\"display:block; height:auto;\">\n\t\t\n<style>\n#gap-638039233 {\n  padding-top: 30px;\n}\n<\/style>\n\t<\/div>\n\t\n\n<div class=\"row align-middle\"  id=\"row-94491644\">\n\n\n\t<div id=\"col-1266332046\" class=\"col medium-4 small-12 large-4\"  >\n\t\t\t\t<div class=\"col-inner\"  >\n\t\t\t\n\t\t\t\n\n\n  <div class=\"banner has-hover\" id=\"banner-994633224\">\n          <div class=\"banner-inner fill\">\n        <div class=\"banner-bg fill\" >\n            <img loading=\"lazy\" decoding=\"async\" width=\"680\" height=\"929\" src=\"https:\/\/www.bifff.net\/wp-content\/uploads\/2026\/03\/adrienne_barbeau.jpg\" class=\"bg attachment-original size-original\" alt=\"\" \/>                                    \n                    <\/div>\n\t\t\n        <div class=\"banner-layers container\">\n            <div class=\"fill banner-link\"><\/div>            \n\n\n        <\/div>\n      <\/div>\n\n            \n<style>\n#banner-994633224 {\n  padding-top: 350px;\n}\n#banner-994633224 .banner-bg img {\n  object-position: 52% 0%;\n}\n@media (min-width:550px) {\n  #banner-994633224 {\n    padding-top: 400px;\n  }\n}\n<\/style>\n  <\/div>\n\n\n\n\t\t<\/div>\n\t\t\t\t\t<\/div>\n\n\t\n\n\t<div id=\"col-1321544098\" class=\"col medium-8 small-12 large-8\"  >\n\t\t\t\t<div class=\"col-inner\"  >\n\t\t\t\n\t\t\t\n\n<div class=\"container section-title-container\" ><h3 class=\"section-title section-title-normal\"><b><\/b><span class=\"section-title-main\" >Adrienne Barbeau<\/span><b><\/b><\/h3><\/div>\n\n<p style=\"text-align: justify;\">Apr\u00e8s une tourn\u00e9e en Asie avec un spectacle de com\u00e9die musicale, Adrienne fait ses d\u00e9buts \u00e0 Broadway dans le r\u00f4le de Hodel dans FIDDLER ON THE ROOF et obtient une nomination aux Tony Awards pour la cr\u00e9ation du r\u00f4le de Rizzo dans la production originale de GREASE. Elle est connue pour THE FOG, ESCAPE FROM NEW YORK, CREEPSHOW, SWAMP THING et ARGO. Elle a \u00e9t\u00e9 nomm\u00e9e aux Golden Globes et a plus de 450 r\u00f4les \u00e0 son actif. Elle est aussi com\u00e9dienne de doublage et auteure. R\u00e9cemment, elle appara\u00eet dans le thriller Oddities qui est pr\u00e9sent\u00e9 en premi\u00e8re mondiale au BIFFF.<\/p>\n<h3>14 avril (avant la projection de \u00ab\u00a0Oddities\u00a0\u00bb)<\/h3>\n\n\t\t<\/div>\n\t\t\t\t\t<\/div>\n\n\t\n\n<\/div>\n\n<\/div><\/div><\/div>\n\n","protected":false},"excerpt":{"rendered":"","protected":false},"author":3,"featured_media":0,"parent":0,"menu_order":0,"comment_status":"closed","ping_status":"closed","template":"","meta":{"om_disable_all_campaigns":false,"_monsterinsights_skip_tracking":false,"_monsterinsights_sitenote_active":false,"_monsterinsights_sitenote_note":"","_monsterinsights_sitenote_category":0,"footnotes":""},"class_list":["post-15398","page","type-page","status-publish","hentry"],"acf":[],"aioseo_notices":[],"_links":{"self":[{"href":"https:\/\/www.bifff.net\/fr\/wp-json\/wp\/v2\/pages\/15398","targetHints":{"allow":["GET"]}}],"collection":[{"href":"https:\/\/www.bifff.net\/fr\/wp-json\/wp\/v2\/pages"}],"about":[{"href":"https:\/\/www.bifff.net\/fr\/wp-json\/wp\/v2\/types\/page"}],"author":[{"embeddable":true,"href":"https:\/\/www.bifff.net\/fr\/wp-json\/wp\/v2\/users\/3"}],"replies":[{"embeddable":true,"href":"https:\/\/www.bifff.net\/fr\/wp-json\/wp\/v2\/comments?post=15398"}],"version-history":[{"count":9,"href":"https:\/\/www.bifff.net\/fr\/wp-json\/wp\/v2\/pages\/15398\/revisions"}],"predecessor-version":[{"id":18757,"href":"https:\/\/www.bifff.net\/fr\/wp-json\/wp\/v2\/pages\/15398\/revisions\/18757"}],"wp:attachment":[{"href":"https:\/\/www.bifff.net\/fr\/wp-json\/wp\/v2\/media?parent=15398"}],"curies":[{"name":"wp","href":"https:\/\/api.w.org\/{rel}","templated":true}]}}