{"id":14995,"date":"2025-03-24T17:33:16","date_gmt":"2025-03-24T16:33:16","guid":{"rendered":"https:\/\/www.bifff.net\/apps\/"},"modified":"2026-03-31T15:06:32","modified_gmt":"2026-03-31T13:06:32","slug":"apps","status":"publish","type":"page","link":"https:\/\/www.bifff.net\/fr\/apps\/","title":{"rendered":"Apps &#038; Program"},"content":{"rendered":"\n  <div id=\"page-header-615304840\" class=\"page-header-wrapper\">\n  <div class=\"page-title dark featured-title\">\n\n        <div class=\"page-title-bg\">\n      <div class=\"title-bg fill bg-fill\"\n        data-parallax-container=\".page-title\"\n        data-parallax-background\n        data-parallax=\"-\">\n      <\/div>\n      <div class=\"title-overlay fill\"><\/div>\n    <\/div>\n    \n    <div class=\"page-title-inner container align-center text-center flex-row-col medium-flex-wrap\" >\n              <div class=\"title-wrapper flex-col\">\n          <h1 class=\"entry-title mb-0\">\n            Apps &#038; Program          <\/h1>\n        <\/div>\n                    <div class=\"title-content flex-col\">\n        <ul class=\"nav sm-touch-scroll nav-line nav-uppercase text-center nav-center\"><li class=\"nav-single-page hidden\"><\/li><\/ul>      <\/div>\n    <\/div>\n\n     \n<style>\n#page-header-615304840 .page-title-inner {\n  min-height: 200px;\n}\n#page-header-615304840 .title-bg {\n  background-image: url(https:\/\/www.bifff.net\/wp-content\/uploads\/2023\/02\/bifff_background_smoked.jpg);\n  background-position: 50% 76%;\n}\n<\/style>\n  <\/div>\n    <\/div>\n  \n\n\n\t<section class=\"section\" id=\"section_1924640357\">\n\t\t<div class=\"section-bg fill\" >\n\t\t\t\t\t\t\t\t\t\n\t\t\t\n\n\t\t<\/div>\n\n\t\t\n\n\t\t<div class=\"section-content relative\">\n\t\t\t\n\n<div class=\"row align-center\"  id=\"row-738239680\">\n\n\n\t<div id=\"col-673210109\" class=\"col small-12 large-12\"  >\n\t\t\t\t<div class=\"col-inner text-center\"  >\n\t\t\t\n\t\t\t\n\n<div class=\"container section-title-container\" ><h1 class=\"section-title section-title-center\"><b><\/b><span class=\"section-title-main\" style=\"color:rgb(236, 49, 49);\">BIFFF APPS<\/span><b><\/b><\/h1><\/div>\n\n<p style=\"text-align: center;\">Cette ann\u00e9e, le BIFFF innove avec deux nouvelles applications pour am\u00e9liorer votre exp\u00e9rience du festival. Que vous soyez fan de programmation, d&rsquo;informations pratiques ou d&rsquo;interactivit\u00e9, nos applications sont l\u00e0 pour vous ! <\/p>\n\t<div id=\"gap-1705746909\" class=\"gap-element clearfix\" style=\"display:block; height:auto;\">\n\t\t\n<style>\n#gap-1705746909 {\n  padding-top: 30px;\n}\n<\/style>\n\t<\/div>\n\t\n\n\n\t\t<\/div>\n\t\t\t\t\t<\/div>\n\n\t\n\n<\/div>\n<div class=\"row\"  id=\"row-1291560496\">\n\n\n\t<div id=\"col-1984604205\" class=\"col medium-6 small-12 large-6\"  >\n\t\t\t\t<div class=\"col-inner text-center\"  >\n\t\t\t\n\t\t\t\n\n<div class=\"container section-title-container\" ><h2 class=\"section-title section-title-center\"><b><\/b><span class=\"section-title-main\" style=\"color:rgb(236, 49, 49);\">Bifff CLUB<\/span><b><\/b><\/h2><\/div>\n\n<p style=\"text-align: center;\">Transformez votre exp\u00e9rience du BIFFF de \u00ab simple visionnage de films \u00bb \u00e0 \u00ab l&rsquo;exp\u00e9rience de votre vie \u00bb gr\u00e2ce \u00e0 une programmation personnalis\u00e9e, \u00e0 la d\u00e9couverte de films et \u00e0 des liens sociaux qui ne s&rsquo;arr\u00eatent jamais !<\/p>\n<a href=\"https:\/\/bifff.club\/landing\/index.html\" target=\"_blank\" class=\"button primary is-outline\" rel=\"noopener\"  >\n\t\t<span>Discover BIFFF CLub<\/span>\n\t<\/a>\n\n\n\t<div id=\"gap-1947554824\" class=\"gap-element clearfix\" style=\"display:block; height:auto;\">\n\t\t\n<style>\n#gap-1947554824 {\n  padding-top: 40px;\n}\n<\/style>\n\t<\/div>\n\t\n\n\t<div id=\"gap-1856529615\" class=\"gap-element clearfix\" style=\"display:block; height:auto;\">\n\t\t\n<style>\n#gap-1856529615 {\n  padding-top: 5px;\n}\n<\/style>\n\t<\/div>\n\t\n\n\n  <div class=\"banner has-hover\" id=\"banner-2099647602\">\n          <div class=\"banner-inner fill\">\n        <div class=\"banner-bg fill\" >\n            <img loading=\"lazy\" decoding=\"async\" width=\"1020\" height=\"439\" src=\"https:\/\/www.bifff.net\/wp-content\/uploads\/2025\/03\/Capture-decran-2025-03-24-170324-1400x603.png\" class=\"bg attachment-large size-large\" alt=\"\" \/>                                    \n                    <\/div>\n\t\t\n        <div class=\"banner-layers container\">\n            <div class=\"fill banner-link\"><\/div>            \n\n\n        <\/div>\n      <\/div>\n\n            \n<style>\n#banner-2099647602 {\n  padding-top: 350px;\n}\n#banner-2099647602 .banner-bg img {\n  object-position: 0% 3%;\n}\n<\/style>\n  <\/div>\n\n\n\n\t\t<\/div>\n\t\t\t\t\t<\/div>\n\n\t\n\n\t<div id=\"col-1746893339\" class=\"col medium-6 small-12 large-6\"  >\n\t\t\t\t<div class=\"col-inner text-center\"  >\n\t\t\t\n\t\t\t\n\n<div class=\"container section-title-container\" ><h2 class=\"section-title section-title-center\"><b><\/b><span class=\"section-title-main\" style=\"color:rgb(236, 49, 49);\">Bifff Movie Guide<\/span><b><\/b><\/h2><\/div>\n\n<p style=\"text-align: center;\">Plongez au c\u0153ur du festival avec notre toute nouvelle application Android. Vous y trouverez le programme complet, les horaires, les d\u00e9tails des films, les invit\u00e9s&#8230; et bien plus encore !<\/p>\n<div class=\"row\"  id=\"row-1794219459\">\n\n\n\t<div id=\"col-1773719204\" class=\"col medium-6 small-12 large-6\"  >\n\t\t\t\t<div class=\"col-inner\"  >\n\t\t\t\n\t\t\t\n\n\t<div class=\"img has-hover x md-x lg-x y md-y lg-y\" id=\"image_1632089510\">\n\t\t<a class=\"\" href=\"https:\/\/play.google.com\/store\/apps\/details?id=net.bifff.app\" >\t\t\t\t\t\t<div class=\"img-inner dark\" >\n\t\t\t<img loading=\"lazy\" decoding=\"async\" width=\"270\" height=\"80\" src=\"https:\/\/www.bifff.net\/wp-content\/uploads\/2025\/03\/GetItOnGooglePlay_Badge_Web_color_English.png\" class=\"attachment-original size-original\" alt=\"\" \/>\t\t\t\t\t\t\n\t\t\t\t\t<\/div>\n\t\t\t\t\t\t<\/a>\t\t\n<style>\n#image_1632089510 {\n  width: 49%;\n}\n@media (min-width:550px) {\n  #image_1632089510 {\n    width: 90%;\n  }\n}\n<\/style>\n\t<\/div>\n\t\n\n\n\t\t<\/div>\n\t\t\t\t\t<\/div>\n\n\t\n\n\t<div id=\"col-279335741\" class=\"col medium-6 small-12 large-6\"  >\n\t\t\t\t<div class=\"col-inner\"  >\n\t\t\t\n\t\t\t\n\n\t<div class=\"img has-hover x md-x lg-x y md-y lg-y\" id=\"image_896752185\">\n\t\t<a class=\"\" href=\"https:\/\/apps.apple.com\/be\/app\/bifff-guide\/id6757540960\" >\t\t\t\t\t\t<div class=\"img-inner dark\" >\n\t\t\t<img loading=\"lazy\" decoding=\"async\" width=\"786\" height=\"233\" src=\"https:\/\/www.bifff.net\/wp-content\/uploads\/2026\/03\/png-clipart-app-store-google-play-apple-apple-text-logo-1.png\" class=\"attachment-original size-original\" alt=\"\" \/>\t\t\t\t\t\t\n\t\t\t\t\t<\/div>\n\t\t\t\t\t\t<\/a>\t\t\n<style>\n#image_896752185 {\n  width: 90%;\n}\n<\/style>\n\t<\/div>\n\t\n\n\n\t\t<\/div>\n\t\t\t\t\t<\/div>\n\n\t\n\n<\/div>\n\n  <div class=\"banner has-hover\" id=\"banner-1245530159\">\n          <div class=\"banner-inner fill\">\n        <div class=\"banner-bg fill\" >\n            <img loading=\"lazy\" decoding=\"async\" width=\"1020\" height=\"663\" src=\"https:\/\/www.bifff.net\/wp-content\/uploads\/2026\/03\/ios-app-bifff-1.jpg\" class=\"bg attachment-large size-large\" alt=\"\" \/>                                    \n                    <\/div>\n\t\t\n        <div class=\"banner-layers container\">\n            <div class=\"fill banner-link\"><\/div>            \n\n\n        <\/div>\n      <\/div>\n\n            \n<style>\n#banner-1245530159 {\n  padding-top: 350px;\n}\n#banner-1245530159 .banner-bg img {\n  object-position: 0% 3%;\n}\n<\/style>\n  <\/div>\n\n\n\n\t\t<\/div>\n\t\t\t\t\t<\/div>\n\n\t\n\n<\/div>\n\n\t\t<\/div>\n\n\t\t\n<style>\n#section_1924640357 {\n  padding-top: 30px;\n  padding-bottom: 30px;\n}\n<\/style>\n\t<\/section>\n\t\n\n  <div class=\"banner has-hover\" id=\"banner-1918071794\">\n          <div class=\"banner-inner fill\">\n        <div class=\"banner-bg fill\" >\n            <img loading=\"lazy\" decoding=\"async\" width=\"1020\" height=\"714\" src=\"https:\/\/www.bifff.net\/wp-content\/uploads\/2023\/02\/bifff_background_smoked-1143x800.jpg\" class=\"bg attachment-large size-large\" alt=\"\" \/>                                    \n                    <\/div>\n\t\t\n        <div class=\"banner-layers container\">\n            <div class=\"fill banner-link\"><\/div>            \n\n   <div id=\"text-box-246933170\" class=\"text-box banner-layer x50 md-x50 lg-x50 y50 md-y50 lg-y50 res-text\">\n                                <div class=\"text-box-content text dark\">\n              \n              <div class=\"text-inner text-center\">\n                  \n\n<h1 class=\"uppercase\">PDF Program<\/h1>\n<a href=\"https:\/\/www.bifff.net\/wp-content\/uploads\/2026\/03\/BIFFF2026_program.pdf\" target=\"_blank\" class=\"button white\" rel=\"noopener\"  style=\"border-radius:3px;padding:7px 30px 7px 30px;\">\n\t\t<span>Download PDF<\/span>\n\t<\/a>\n\n\n\n              <\/div>\n           <\/div>\n                            \n<style>\n#text-box-246933170 .text-inner {\n  padding: 30px 0px 0px 0px;\n}\n#text-box-246933170 {\n  width: 83%;\n}\n#text-box-246933170 .text-box-content {\n  font-size: 100%;\n}\n@media (min-width:550px) {\n  #text-box-246933170 {\n    width: 81%;\n  }\n}\n@media (min-width:850px) {\n  #text-box-246933170 {\n    width: 61%;\n  }\n}\n<\/style>\n    <\/div>\n \n   <div id=\"text-box-1366264234\" class=\"text-box banner-layer x50 md-x50 lg-x50 y100 md-y100 lg-y100 res-text\">\n                                <div class=\"text-box-content text dark\">\n              \n              <div class=\"text-inner text-center\">\n                  \n\n<div class=\"social-icons share-icons share-row relative icon-style-small\" style=\"font-size:110%\"><a href=\"https:\/\/www.facebook.com\/sharer.php?u=https:\/\/www.bifff.net\/fr\/apps\/\" data-label=\"Facebook\" onclick=\"window.open(this.href,this.title,'width=500,height=500,top=300px,left=300px'); return false;\" target=\"_blank\" class=\"icon plain tooltip facebook\" title=\"Partager sur Facebook\" aria-label=\"Partager sur Facebook\" rel=\"noopener nofollow\" ><i class=\"icon-facebook\" ><\/i><\/a><a href=\"https:\/\/twitter.com\/share?url=https:\/\/www.bifff.net\/fr\/apps\/\" onclick=\"window.open(this.href,this.title,'width=500,height=500,top=300px,left=300px'); return false;\" target=\"_blank\" class=\"icon plain tooltip twitter\" title=\"Partager sur Twitter\" aria-label=\"Partager sur Twitter\" rel=\"noopener nofollow\" ><i class=\"icon-twitter\" ><\/i><\/a><a href=\"mailto:?subject=Apps%20%26%23038%3B%20Program&body=Regarde%20%C3%A7a%3A%20https%3A%2F%2Fwww.bifff.net%2Ffr%2Fapps%2F\" class=\"icon plain tooltip email\" title=\"Envoyer par mail\" aria-label=\"Envoyer par mail\" rel=\"nofollow\" ><i class=\"icon-envelop\" ><\/i><\/a><\/div>\n\n\t<div id=\"gap-103145855\" class=\"gap-element clearfix\" style=\"display:block; height:auto;\">\n\t\t\n<style>\n#gap-103145855 {\n  padding-top: 18px;\n}\n<\/style>\n\t<\/div>\n\t\n\n\n              <\/div>\n           <\/div>\n                            \n<style>\n#text-box-1366264234 {\n  width: 60%;\n}\n#text-box-1366264234 .text-box-content {\n  font-size: 100%;\n}\n<\/style>\n    <\/div>\n \n\n        <\/div>\n      <\/div>\n\n            \n<style>\n#banner-1918071794 {\n  padding-top: 140%;\n}\n#banner-1918071794 .banner-bg img {\n  object-position: 53% 43%;\n}\n@media (min-width:550px) {\n  #banner-1918071794 {\n    padding-top: 75%;\n  }\n}\n@media (min-width:850px) {\n  #banner-1918071794 {\n    padding-top: 20%;\n  }\n}\n<\/style>\n  <\/div>\n\n\n\n","protected":false},"excerpt":{"rendered":"","protected":false},"author":2,"featured_media":0,"parent":0,"menu_order":0,"comment_status":"closed","ping_status":"closed","template":"page-blank.php","meta":{"om_disable_all_campaigns":false,"_monsterinsights_skip_tracking":false,"_monsterinsights_sitenote_active":false,"_monsterinsights_sitenote_note":"","_monsterinsights_sitenote_category":0,"footnotes":""},"class_list":["post-14995","page","type-page","status-publish","hentry"],"acf":[],"aioseo_notices":[],"_links":{"self":[{"href":"https:\/\/www.bifff.net\/fr\/wp-json\/wp\/v2\/pages\/14995","targetHints":{"allow":["GET"]}}],"collection":[{"href":"https:\/\/www.bifff.net\/fr\/wp-json\/wp\/v2\/pages"}],"about":[{"href":"https:\/\/www.bifff.net\/fr\/wp-json\/wp\/v2\/types\/page"}],"author":[{"embeddable":true,"href":"https:\/\/www.bifff.net\/fr\/wp-json\/wp\/v2\/users\/2"}],"replies":[{"embeddable":true,"href":"https:\/\/www.bifff.net\/fr\/wp-json\/wp\/v2\/comments?post=14995"}],"version-history":[{"count":11,"href":"https:\/\/www.bifff.net\/fr\/wp-json\/wp\/v2\/pages\/14995\/revisions"}],"predecessor-version":[{"id":19112,"href":"https:\/\/www.bifff.net\/fr\/wp-json\/wp\/v2\/pages\/14995\/revisions\/19112"}],"wp:attachment":[{"href":"https:\/\/www.bifff.net\/fr\/wp-json\/wp\/v2\/media?parent=14995"}],"curies":[{"name":"wp","href":"https:\/\/api.w.org\/{rel}","templated":true}]}}