{"id":1455,"date":"2023-02-13T16:03:07","date_gmt":"2023-02-13T15:03:07","guid":{"rendered":"http:\/\/v2.bifff.net\/formulaire-art-contest\/"},"modified":"2023-02-22T13:09:17","modified_gmt":"2023-02-22T12:09:17","slug":"formulaire-art-contest","status":"publish","type":"page","link":"https:\/\/www.bifff.net\/fr\/formulaire-art-contest\/","title":{"rendered":"Formulaire Art Contest"},"content":{"rendered":"\n<div class=\"row align-center\" style=\"max-width:\" id=\"row-1503579434\">\n\n\n\t<div id=\"col-1156743405\" class=\"col medium-8 small-12 large-8\"  >\n\t\t\t\t<div class=\"col-inner text-left\"  >\n\t\t\t\n\t\t\t\n\n\n\n\n<div class=\"wpcf7 no-js\" id=\"wpcf7-f11505-o1\" lang=\"fr-FR\" dir=\"ltr\" data-wpcf7-id=\"11505\">\n<div class=\"screen-reader-response\"><p role=\"status\" aria-live=\"polite\" aria-atomic=\"true\"><\/p> <ul><\/ul><\/div>\n<form action=\"\/fr\/wp-json\/wp\/v2\/pages\/1455#wpcf7-f11505-o1\" method=\"post\" class=\"wpcf7-form init\" aria-label=\"Formulaire de contact\" enctype=\"multipart\/form-data\" novalidate=\"novalidate\" data-status=\"init\">\n<fieldset class=\"hidden-fields-container\"><input type=\"hidden\" name=\"_wpcf7\" value=\"11505\" \/><input type=\"hidden\" name=\"_wpcf7_version\" value=\"6.1.5\" \/><input type=\"hidden\" name=\"_wpcf7_locale\" value=\"fr_FR\" \/><input type=\"hidden\" name=\"_wpcf7_unit_tag\" value=\"wpcf7-f11505-o1\" \/><input type=\"hidden\" name=\"_wpcf7_container_post\" value=\"0\" \/><input type=\"hidden\" name=\"_wpcf7_posted_data_hash\" value=\"\" \/><input type=\"hidden\" name=\"_wpcf7_recaptcha_response\" value=\"\" \/>\n<\/fieldset>\n<h2>Formulaire Art Contest\n<\/h2>\n<p>Veuillez lire <a href=\"http:\/\/www.bifff.net\/wp-content\/uploads\/2022\/08\/7th-INTERNATIONAL-ART-CONTEST-2022-ENG.pdf\"><b>le r\u00e8glement<\/b><\/a> pour plus d'informations.\n<\/p>\n<h3>Informations\n<\/h3>\n<p><label> Nom <span class=\"wpcf7-form-control-wrap\" data-name=\"abc_name\"><input size=\"40\" maxlength=\"400\" class=\"wpcf7-form-control wpcf7-text wpcf7-validates-as-required\" autocomplete=\"name\" aria-required=\"true\" aria-invalid=\"false\" value=\"\" type=\"text\" name=\"abc_name\" \/><\/span> <\/label>\n<\/p>\n<p><label> Pr\u00e9nom <span class=\"wpcf7-form-control-wrap\" data-name=\"abc_firstname\"><input size=\"40\" maxlength=\"400\" class=\"wpcf7-form-control wpcf7-text wpcf7-validates-as-required\" autocomplete=\"firstname\" aria-required=\"true\" aria-invalid=\"false\" value=\"\" type=\"text\" name=\"abc_firstname\" \/><\/span> <\/label>\n<\/p>\n<p><label> Age <span class=\"wpcf7-form-control-wrap\" data-name=\"abc_age\"><input class=\"wpcf7-form-control wpcf7-number wpcf7-validates-as-required wpcf7-validates-as-number\" aria-required=\"true\" aria-invalid=\"false\" value=\"\" type=\"number\" name=\"abc_age\" \/><\/span> <\/label>\n<\/p>\n<p><label> Address <span class=\"wpcf7-form-control-wrap\" data-name=\"abc_address\"><input size=\"40\" maxlength=\"400\" class=\"wpcf7-form-control wpcf7-text wpcf7-validates-as-required\" aria-required=\"true\" aria-invalid=\"false\" value=\"\" type=\"text\" name=\"abc_address\" \/><\/span> <\/label>\n<\/p>\n<p><label> Code postal <span class=\"wpcf7-form-control-wrap\" data-name=\"abc_postal_code\"><input size=\"40\" maxlength=\"400\" class=\"wpcf7-form-control wpcf7-text wpcf7-validates-as-required\" aria-required=\"true\" aria-invalid=\"false\" value=\"\" type=\"text\" name=\"abc_postal_code\" \/><\/span> <\/label>\n<\/p>\n<p><label> Ville <span class=\"wpcf7-form-control-wrap\" data-name=\"abc_city\"><input size=\"40\" maxlength=\"400\" class=\"wpcf7-form-control wpcf7-text wpcf7-validates-as-required\" aria-required=\"true\" aria-invalid=\"false\" value=\"\" type=\"text\" name=\"abc_city\" \/><\/span> <\/label>\n<\/p>\n<p><label> Pays <span class=\"wpcf7-form-control-wrap\" data-name=\"abc_country\"><input size=\"40\" maxlength=\"400\" class=\"wpcf7-form-control wpcf7-text wpcf7-validates-as-required\" aria-required=\"true\" aria-invalid=\"false\" value=\"\" type=\"text\" name=\"abc_country\" \/><\/span> <\/label>\n<\/p>\n<p><label> \u00c9cole\/Profession <span class=\"wpcf7-form-control-wrap\" data-name=\"abc_profession\"><input size=\"40\" maxlength=\"400\" class=\"wpcf7-form-control wpcf7-text wpcf7-validates-as-required\" aria-required=\"true\" aria-invalid=\"false\" value=\"\" type=\"text\" name=\"abc_profession\" \/><\/span> <\/label>\n<\/p>\n<p><label> Email <span class=\"wpcf7-form-control-wrap\" data-name=\"abc_email\"><input size=\"40\" maxlength=\"400\" class=\"wpcf7-form-control wpcf7-email wpcf7-validates-as-required wpcf7-text wpcf7-validates-as-email\" autocomplete=\"email\" aria-required=\"true\" aria-invalid=\"false\" value=\"\" type=\"email\" name=\"abc_email\" \/><\/span> <\/label>\n<\/p>\n<p><label> N\u00b0 T\u00e9l\u00e9phone <span class=\"wpcf7-form-control-wrap\" data-name=\"abc_tel\"><input size=\"40\" maxlength=\"400\" class=\"wpcf7-form-control wpcf7-tel wpcf7-validates-as-required wpcf7-text wpcf7-validates-as-tel\" aria-required=\"true\" aria-invalid=\"false\" value=\"\" type=\"tel\" name=\"abc_tel\" \/><\/span> <\/label>\n<\/p>\n<p><label> Titre du projet <span class=\"wpcf7-form-control-wrap\" data-name=\"abc_project\"><input size=\"40\" maxlength=\"400\" class=\"wpcf7-form-control wpcf7-text wpcf7-validates-as-required\" aria-required=\"true\" aria-invalid=\"false\" value=\"\" type=\"text\" name=\"abc_project\" \/><\/span> <\/label>\n<\/p>\n<p><label> Description du projet <span class=\"wpcf7-form-control-wrap\" data-name=\"abc_description\"><textarea cols=\"40\" rows=\"10\" maxlength=\"2000\" class=\"wpcf7-form-control wpcf7-textarea wpcf7-validates-as-required\" aria-required=\"true\" aria-invalid=\"false\" name=\"abc_description\"><\/textarea><\/span> <\/label>\n<\/p>\n<p><label>Je suis disponible le (min.2) <\/label><br \/>\n<span class=\"wpcf7-form-control-wrap\" data-name=\"abc_date\"><span class=\"wpcf7-form-control wpcf7-checkbox\"><span class=\"wpcf7-list-item first\"><label><input type=\"checkbox\" name=\"abc_date[]\" value=\"09\/04\" checked=\"checked\" \/><span class=\"wpcf7-list-item-label\">09\/04<\/span><\/label><\/span><span class=\"wpcf7-list-item\"><label><input type=\"checkbox\" name=\"abc_date[]\" value=\"10\/04\" \/><span class=\"wpcf7-list-item-label\">10\/04<\/span><\/label><\/span><span class=\"wpcf7-list-item\"><label><input type=\"checkbox\" name=\"abc_date[]\" value=\"11\/04\" \/><span class=\"wpcf7-list-item-label\">11\/04<\/span><\/label><\/span><span class=\"wpcf7-list-item last\"><label><input type=\"checkbox\" name=\"abc_date[]\" value=\"12\/04\" \/><span class=\"wpcf7-list-item-label\">12\/04<\/span><\/label><\/span><\/span><\/span>\n<\/p>\n<p><label> Croquis\/Sketch\/Schets Maximum 2 Mb <span class=\"wpcf7-form-control-wrap\" data-name=\"abc_picture\"><input size=\"40\" class=\"wpcf7-form-control wpcf7-file\" accept=\".jpg,.png,.gif\" aria-invalid=\"false\" type=\"file\" name=\"abc_picture\" \/><\/span><\/label>\n<\/p>\n<h3>Conditions\n<\/h3>\n<p><span class=\"wpcf7-form-control-wrap\" data-name=\"abc_promo\"><span class=\"wpcf7-form-control wpcf7-acceptance\"><span class=\"wpcf7-list-item\"><label><input type=\"checkbox\" name=\"abc_promo\" value=\"1\" aria-invalid=\"false\" \/><span class=\"wpcf7-list-item-label\">J'autorise le Festival International du Film Fantastique de Bruxelles et ses partenaires \u00e0 utiliser et partager les photos et vid\u00e9os prises pendant le concours \u00e0 des fins de promotion et de publicit\u00e9 (site web, m\u00e9dias sociaux,...).<\/span><\/label><\/span><\/span><\/span>\n<\/p>\n<p><span class=\"wpcf7-form-control-wrap\" data-name=\"abc_regulation\"><span class=\"wpcf7-form-control wpcf7-acceptance\"><span class=\"wpcf7-list-item\"><label><input type=\"checkbox\" name=\"abc_regulation\" value=\"1\" aria-invalid=\"false\" \/><span class=\"wpcf7-list-item-label\">J'ai lu et compris le r\u00e8glement ci-joint et j'en accepte les conditions.<\/span><\/label><\/span><\/span><\/span>\n<\/p>\n<p><span class=\"wpcf7-form-control-wrap\" data-name=\"abc_CGUAgree\"><span class=\"wpcf7-form-control wpcf7-acceptance\"><span class=\"wpcf7-list-item\"><label><input type=\"checkbox\" name=\"abc_CGUAgree\" value=\"1\" aria-invalid=\"false\" \/><span class=\"wpcf7-list-item-label\">J'ai lu et j'accepte la <a href=\"https:\/\/www.bifff.net\/privacy-policy\/\">politique de confidentialit\u00e9<\/a><\/span><\/label><\/span><\/span><\/span>\n<\/p>\n<p><input class=\"wpcf7-form-control wpcf7-submit has-spinner\" type=\"submit\" value=\"Envoyer\" \/>\n<\/p><div class=\"wpcf7-response-output\" aria-hidden=\"true\"><\/div>\n<\/form>\n<\/div>\n\n\n\n\t\t<\/div>\n\t\t\t\t\t<\/div>\n\n\t\n\n<\/div>\n\n","protected":false},"excerpt":{"rendered":"","protected":false},"author":2,"featured_media":824,"parent":0,"menu_order":0,"comment_status":"closed","ping_status":"closed","template":"page-blank.php","meta":{"om_disable_all_campaigns":false,"_monsterinsights_skip_tracking":false,"_monsterinsights_sitenote_active":false,"_monsterinsights_sitenote_note":"","_monsterinsights_sitenote_category":0,"footnotes":""},"class_list":["post-1455","page","type-page","status-publish","has-post-thumbnail","hentry"],"acf":[],"aioseo_notices":[],"_links":{"self":[{"href":"https:\/\/www.bifff.net\/fr\/wp-json\/wp\/v2\/pages\/1455","targetHints":{"allow":["GET"]}}],"collection":[{"href":"https:\/\/www.bifff.net\/fr\/wp-json\/wp\/v2\/pages"}],"about":[{"href":"https:\/\/www.bifff.net\/fr\/wp-json\/wp\/v2\/types\/page"}],"author":[{"embeddable":true,"href":"https:\/\/www.bifff.net\/fr\/wp-json\/wp\/v2\/users\/2"}],"replies":[{"embeddable":true,"href":"https:\/\/www.bifff.net\/fr\/wp-json\/wp\/v2\/comments?post=1455"}],"version-history":[{"count":1,"href":"https:\/\/www.bifff.net\/fr\/wp-json\/wp\/v2\/pages\/1455\/revisions"}],"predecessor-version":[{"id":1456,"href":"https:\/\/www.bifff.net\/fr\/wp-json\/wp\/v2\/pages\/1455\/revisions\/1456"}],"wp:featuredmedia":[{"embeddable":true,"href":"https:\/\/www.bifff.net\/fr\/wp-json\/wp\/v2\/media\/824"}],"wp:attachment":[{"href":"https:\/\/www.bifff.net\/fr\/wp-json\/wp\/v2\/media?parent=1455"}],"curies":[{"name":"wp","href":"https:\/\/api.w.org\/{rel}","templated":true}]}}