{"id":13114,"date":"2025-03-06T14:22:13","date_gmt":"2025-03-06T13:22:13","guid":{"rendered":"https:\/\/www.bifff.net\/code-de-conduite\/"},"modified":"2026-05-07T09:38:14","modified_gmt":"2026-05-07T07:38:14","slug":"code-de-conduite","status":"publish","type":"page","link":"https:\/\/www.bifff.net\/fr\/code-de-conduite\/","title":{"rendered":"Code de conduite"},"content":{"rendered":"\n\t<div class=\"img has-hover x md-x lg-x y md-y lg-y\" id=\"image_972224462\">\n\t\t\t\t\t\t\t\t<div class=\"img-inner dark\" >\n\t\t\t<img loading=\"lazy\" decoding=\"async\" width=\"1020\" height=\"213\" src=\"https:\/\/www.bifff.net\/wp-content\/uploads\/2025\/03\/Safer-Space_Banner-WEB_EN-1400x292.webp\" class=\"attachment-large size-large\" alt=\"\" srcset=\"https:\/\/www.bifff.net\/wp-content\/uploads\/2025\/03\/Safer-Space_Banner-WEB_EN-1400x292.webp 1400w, https:\/\/www.bifff.net\/wp-content\/uploads\/2025\/03\/Safer-Space_Banner-WEB_EN-800x167.webp 800w, https:\/\/www.bifff.net\/wp-content\/uploads\/2025\/03\/Safer-Space_Banner-WEB_EN-768x160.webp 768w, https:\/\/www.bifff.net\/wp-content\/uploads\/2025\/03\/Safer-Space_Banner-WEB_EN-1536x320.webp 1536w, https:\/\/www.bifff.net\/wp-content\/uploads\/2025\/03\/Safer-Space_Banner-WEB_EN-600x125.webp 600w, https:\/\/www.bifff.net\/wp-content\/uploads\/2025\/03\/Safer-Space_Banner-WEB_EN.webp 1920w\" sizes=\"auto, (max-width: 1020px) 100vw, 1020px\" \/>\t\t\t\t\t\t\n\t\t\t\t\t<\/div>\n\t\t\t\t\t\t\t\t\n<style>\n#image_972224462 {\n  width: 100%;\n}\n<\/style>\n\t<\/div>\n\t\n\n\n\t<section class=\"section\" id=\"section_394387861\">\n\t\t<div class=\"section-bg fill\" >\n\t\t\t\t\t\t\t\t\t\n\t\t\t\n\n\t\t<\/div>\n\n\t\t\n\n\t\t<div class=\"section-content relative\">\n\t\t\t\n\n<div class=\"row align-center\"  id=\"row-713809934\">\n\n\n\t<div id=\"col-1745498351\" class=\"col medium-10 small-12 large-10\"  >\n\t\t\t\t<div class=\"col-inner\"  >\n\t\t\t\n\t\t\t\n\n<div class=\"container section-title-container\" ><h1 class=\"section-title section-title-center\"><b><\/b><span class=\"section-title-main\" >Code de conduite<\/span><b><\/b><\/h1><\/div>\n\n<p style=\"text-align: justify;\"><span style=\"font-weight: 400;\">Depuis la cr\u00e9ation du festival en 1983, nous c\u00e9l\u00e9brons non seulement le fantastique dans le cin\u00e9ma &#8211; avec environ 75 longs- et 60 courts-m\u00e9trages dans chaque \u00e9dition &#8211; mais aussi dans toutes les formes d\u2019art autour du fantastique : litt\u00e9rature, musique, peinture (que ce soit sur toile ou sur corps humain), arts plastiques, th\u00e9\u00e2tre, bandes dessin\u00e9es\u2026 Dans notre communaut\u00e9, cette c\u00e9l\u00e9bration a toujours \u00e9t\u00e9 exaltante et exub\u00e9rante, avec des fans qui n\u2019h\u00e9sitent pas \u00e0 exprimer \u00e0 haute voix leurs d\u00e9clarations d\u2019amour &#8211; et parfois, de d\u00e9samour &#8211; pour les films. Durant les projections, le public <\/span><b>n\u2019est pas souvent silencieux bien longtemps, il interagit avec le film et\/ou les autres membres du public :<\/b> <span style=\"font-weight: 400;\">on parle, chante et applaudit avec la musique, on fait des blagues &#8211; pas toujours r\u00e9ussies -, on hurle comme des loups si la pleine lune appara\u00eet \u00e0 l\u2019\u00e9cran\u2026<\/span><\/p>\n<p><b>MAIS<\/b>, <span style=\"font-weight: 400;\">nous ne tol\u00e9rons pas <\/span>:<\/p>\n<ul>\n<li style=\"font-weight: 400;\" aria-level=\"1\"><span style=\"font-weight: 400;\">le racisme<\/span><\/li>\n<li style=\"font-weight: 400;\" aria-level=\"1\"><span style=\"font-weight: 400;\">la misogynie<\/span><\/li>\n<li style=\"font-weight: 400;\" aria-level=\"1\"><span style=\"font-weight: 400;\">les discriminations et insultes li\u00e9es aux personnes LGBTQIA+<\/span><\/li>\n<li style=\"font-weight: 400;\" aria-level=\"1\"><span style=\"font-weight: 400;\">le validisme<\/span><\/li>\n<li style=\"font-weight: 400;\" aria-level=\"1\"><span style=\"font-weight: 400;\">les discriminations li\u00e9es \u00e0 l\u2019\u00e2ge<\/span><\/li>\n<li style=\"font-weight: 400;\" aria-level=\"1\"><span style=\"font-weight: 400;\">les discriminations religieuses<\/span><\/li>\n<li style=\"font-weight: 400;\" aria-level=\"1\"><span style=\"font-weight: 400;\">l&rsquo;humiliation d\u2019une personne<\/span><\/li>\n<li style=\"font-weight: 400;\" aria-level=\"1\"><span style=\"font-weight: 400;\">le harc\u00e8lement d\u2019une autre personne<\/span><\/li>\n<li style=\"font-weight: 400;\" aria-level=\"1\"><span style=\"font-weight: 400;\">les contacts physiques ou les remarques sexuelles non-consenties<\/span><\/li>\n<li style=\"font-weight: 400;\" aria-level=\"1\"><span style=\"font-weight: 400;\">les photos ou les vid\u00e9os non-consenties<\/span><\/li>\n<li style=\"font-weight: 400;\" aria-level=\"1\"><span style=\"font-weight: 400;\">la violence physique et\/ou morale sous toutes ses formes<\/span><\/li>\n<li style=\"font-weight: 400;\" aria-level=\"1\"><span style=\"font-weight: 400;\">toute autre forme de discrimination <\/span><\/li>\n<\/ul>\n<p style=\"text-align: justify;\"><b>Ce type de comportement toxique n\u2019a pas sa place au BIFFF.<\/b><span style=\"font-weight: 400;\">Depuis 1983, nous continuons d\u2019\u00eatre une communaut\u00e9 ouverte \u00e0 tout le monde, on se respecte et on prend soin les uns des autres, avec l\u2019envie de cr\u00e9er un environnement dans lequel tout le monde peut venir au festival tel qu\u2019il est, en se sentant \u00e0 l\u2019aise, dans toute sa diversit\u00e9 et son originalit\u00e9. Car c\u2019est cela qu\u2019est l\u2019art fantastique pour nous : <\/span><b>une tendre \u00e9treinte pour tous ceux et toutes celles qui ne rentrent pas n\u00e9cessairement dans le moule.<\/b><span style=\"font-weight: 400;\">Toute personne qui ne correspond pas compl\u00e8tement aux normes que la soci\u00e9t\u00e9 nous impose a, <\/span> <span style=\"font-weight: 400;\">doit, et devrait toujours pouvoir trouver sa place au BIFFF.<\/span><\/p>\n<p style=\"text-align: justify;\"><b>Nous <\/b><b>comptons sur chacun et chacune d\u2019entre vous<\/b> <span style=\"font-weight: 400;\">pour essayer d\u2019arriver \u00e0 ce r\u00e9sultat ensemble. Chaque personne participant \u00e0 notre festival doit accepter de suivre ce Code de Conduite. Cela inclut le public, les intervenants et intervenantes, les sponsors, les b\u00e9n\u00e9voles et l\u2019\u00e9quipe organisatrice. Si vous ne partagez pas ces valeurs avec nous, alors vous n\u2019\u00eates tout simplement pas au bon endroit. <\/span><b>Le festival se r\u00e9serve le droit d\u2019exclure des lieux toute personne qui ne se comporte pas d\u2019une fa\u00e7on correcte et respectueuse envers les autres<\/b><span style=\"font-weight: 400;\">,<\/span> <b>avec de possibles r\u00e9percussions sur leurs pass pour le festival et leurs accr\u00e9ditations ou les tickets achet\u00e9s qui pourront \u00eatre r\u00e9voqu\u00e9s sans remboursement<\/b>.<span style=\"font-weight: 400;\">Si vous avez \u00e9t\u00e9 ou \u00eates victime de harc\u00e8lement, agression, discrimination, <\/span> <span style=\"font-weight: 400;\">ou en avez \u00e9t\u00e9 t\u00e9moin<\/span>, <span style=\"font-weight: 400;\">contactez<\/span> notre <b>Care Team<\/b>\u00a0ou venir en parler directement \u00e0 nos b\u00e9n\u00e9voles Care Team qui seront visibles lors du festival! <span style=\"font-weight: 400;\">Ils et elles vous accompagneront et pr\u00e9viendront l\u2019organisation et l&rsquo;\u00e9quipe de s\u00e9curit\u00e9 et si n\u00e9cessaire, les autorit\u00e9s.<\/span><\/p>\n<p>Nous vous remercions toutes et tous de nous aider \u00e0 atteindre cette utopie et de partager ces valeurs avec nous. Mais, comme dit l\u2019adage, personne n\u2019est parfait, alors si vous avez des suggestions pour faire de notre festival un endroit meilleur et plus s\u00e9curis\u00e9 pour tout le monde, n\u2019h\u00e9sitez pas \u00e0 partager vos id\u00e9es et vos points de vue \u00e0 cette adresse mail : info@bifff.net ! Ce code de conduite \u00e9voluera au fil du temps, car nous continuons \u00e0 apprendre comment am\u00e9liorer le festival.<\/p>\n<p style=\"text-align: left;\"><span style=\"font-weight: 400;\">And always remember, what\u2019s the first thing you say when you set foot at the BIFFF? <\/span><b>WELCOOOOME !<\/b><\/p>\n\n\t\t<\/div>\n\t\t\t\t\t<\/div>\n\n\t\n\n<\/div>\n\n\t\t<\/div>\n\n\t\t\n<style>\n#section_394387861 {\n  padding-top: 30px;\n  padding-bottom: 30px;\n}\n<\/style>\n\t<\/section>\n\t\n\n","protected":false},"excerpt":{"rendered":"","protected":false},"author":2,"featured_media":0,"parent":0,"menu_order":0,"comment_status":"closed","ping_status":"closed","template":"page-blank.php","meta":{"om_disable_all_campaigns":false,"_monsterinsights_skip_tracking":false,"_monsterinsights_sitenote_active":false,"_monsterinsights_sitenote_note":"","_monsterinsights_sitenote_category":0,"footnotes":""},"class_list":["post-13114","page","type-page","status-publish","hentry"],"acf":[],"aioseo_notices":[],"_links":{"self":[{"href":"https:\/\/www.bifff.net\/fr\/wp-json\/wp\/v2\/pages\/13114","targetHints":{"allow":["GET"]}}],"collection":[{"href":"https:\/\/www.bifff.net\/fr\/wp-json\/wp\/v2\/pages"}],"about":[{"href":"https:\/\/www.bifff.net\/fr\/wp-json\/wp\/v2\/types\/page"}],"author":[{"embeddable":true,"href":"https:\/\/www.bifff.net\/fr\/wp-json\/wp\/v2\/users\/2"}],"replies":[{"embeddable":true,"href":"https:\/\/www.bifff.net\/fr\/wp-json\/wp\/v2\/comments?post=13114"}],"version-history":[{"count":7,"href":"https:\/\/www.bifff.net\/fr\/wp-json\/wp\/v2\/pages\/13114\/revisions"}],"predecessor-version":[{"id":20153,"href":"https:\/\/www.bifff.net\/fr\/wp-json\/wp\/v2\/pages\/13114\/revisions\/20153"}],"wp:attachment":[{"href":"https:\/\/www.bifff.net\/fr\/wp-json\/wp\/v2\/media?parent=13114"}],"curies":[{"name":"wp","href":"https:\/\/api.w.org\/{rel}","templated":true}]}}