{"id":1095,"date":"2023-02-08T11:57:30","date_gmt":"2023-02-08T10:57:30","guid":{"rendered":"http:\/\/v2.bifff.net\/court-metrages\/"},"modified":"2025-09-01T12:28:47","modified_gmt":"2025-09-01T10:28:47","slug":"court-metrages","status":"publish","type":"page","link":"https:\/\/www.bifff.net\/fr\/inscriptions\/court-metrages\/","title":{"rendered":"Court M\u00e9trages"},"content":{"rendered":"\n\t<div class=\"img has-hover x md-x lg-x y md-y lg-y\" id=\"image_963146597\">\n\t\t\t\t\t\t\t\t<div class=\"img-inner dark\" >\n\t\t\t<img loading=\"lazy\" decoding=\"async\" width=\"2500\" height=\"608\" src=\"https:\/\/www.bifff.net\/wp-content\/uploads\/2023\/02\/features-1.jpg\" class=\"attachment-original size-original\" alt=\"\" srcset=\"https:\/\/www.bifff.net\/wp-content\/uploads\/2023\/02\/features-1.jpg 2500w, https:\/\/www.bifff.net\/wp-content\/uploads\/2023\/02\/features-1-800x195.jpg 800w, https:\/\/www.bifff.net\/wp-content\/uploads\/2023\/02\/features-1-1400x340.jpg 1400w, https:\/\/www.bifff.net\/wp-content\/uploads\/2023\/02\/features-1-768x187.jpg 768w, https:\/\/www.bifff.net\/wp-content\/uploads\/2023\/02\/features-1-1536x374.jpg 1536w, https:\/\/www.bifff.net\/wp-content\/uploads\/2023\/02\/features-1-2048x498.jpg 2048w, https:\/\/www.bifff.net\/wp-content\/uploads\/2023\/02\/features-1-600x146.jpg 600w\" sizes=\"auto, (max-width: 2500px) 100vw, 2500px\" \/>\t\t\t\t\t\t\n\t\t\t\t\t<\/div>\n\t\t\t\t\t\t\t\t\n<style>\n#image_963146597 {\n  width: 100%;\n}\n<\/style>\n\t<\/div>\n\t\n\n\t<div id=\"gap-1260834721\" class=\"gap-element clearfix\" style=\"display:block; height:auto;\">\n\t\t\n<style>\n#gap-1260834721 {\n  padding-top: 30px;\n}\n<\/style>\n\t<\/div>\n\t\n\n<div class=\"container section-title-container\" ><h1 class=\"section-title section-title-center\"><b><\/b><span class=\"section-title-main\" >R\u00e8glements et inscriptions pour les courts m\u00e9trages belges et internationaux<\/span><b><\/b><\/h1><\/div>\n\n<div class=\"row\"  id=\"row-240123594\">\n\n\n\t<div id=\"col-1367891164\" class=\"col small-12 large-12\"  >\n\t\t\t\t<div class=\"col-inner text-center\"  >\n\t\t\t\n\t\t\t\n\n\t<div id=\"text-2744048472\" class=\"text hidden\">\n\t\t\n\n<h2>Les inscriptions pour le 44\u00e8me BIFFF (avril 2026) seront ouvertes \u00e0 partir du 1er septembre 2025.<\/h2>\n\t\t\t<\/div>\n\t\n<h2>Les inscriptions sont ouvertes.<\/h2>\n\n\t\t<\/div>\n\t\t\t\t\t<\/div>\n\n\t\n\n<\/div>\n<div class=\"row\"  id=\"row-683526671\">\n\n\n\t<div id=\"col-2071488637\" class=\"col small-12 large-12\"  >\n\t\t\t\t<div class=\"col-inner text-center\"  >\n\t\t\t\n\t\t\t\n\n\t<div id=\"text-4207378754\" class=\"text\">\n\t\t\n\n<p>La dur\u00e9e du film est de 25 minutes maximum.<br \/>Le film doit avoir \u00e9t\u00e9 r\u00e9alis\u00e9 \u00e0 partir de janvier 2025.<br \/>Les films ne peuvent \u00eatre soumis que par l&rsquo;interm\u00e9diaire de Festhome et FilmFreeway.<\/p>\n<p>Veuillez lire attentivement le r\u00e8glement <a href=\"https:\/\/www.bifff.net\/wp-content\/uploads\/2023\/02\/RegulationsCM_NAT_EN2022.pdf\" target=\"_blank\" rel=\"noopener\">ci-joint<\/a>.<br \/>La date limite de soumission est fix\u00e9e au <strong>19 janvier 2026<\/strong>.<\/p>\n<p>\u00a0<\/p>\n<p><a href=\"https:\/\/festhome.com\/f\/880\"><img loading=\"lazy\" decoding=\"async\" class=\"alignnone\" src=\"https:\/\/festhomedocs.com\/img\/logos\/buttons\/fh_white.png\" alt=\"\" width=\"263\" height=\"40\" \/><\/a><\/p>\n\t\t\n<style>\n#text-4207378754 {\n  text-align: center;\n}\n<\/style>\n\t<\/div>\n\t\n\n\n<a href=\"https:\/\/filmfreeway.com\/festivals\/83328?utm_campaign=BIFFF+-+Brussels+International+Fantastic+Film+Festival&amp;utm_medium=External&amp;utm_source=Submission+Button\" target=\"_blank\" title=\"Cliquez pour soumettre sur FilmFreeway\" rel=\"noopener\"><img loading=\"lazy\" decoding=\"async\" src=\"https:\/\/public-assets.filmfreeway.com\/submission_buttons\/v2\/sm_submission_btn@2x-red.png\" title=\"Cliquez pour soumettre sur FilmFreeway\" width=\"250\" height=\"49\"><\/a>\n\n\n\t\t<\/div>\n\t\t\t\t\t<\/div>\n\n\t\n\n<\/div>\n\n","protected":false},"excerpt":{"rendered":"","protected":false},"author":2,"featured_media":339,"parent":1848,"menu_order":0,"comment_status":"closed","ping_status":"closed","template":"page-blank.php","meta":{"om_disable_all_campaigns":false,"_monsterinsights_skip_tracking":false,"_monsterinsights_sitenote_active":false,"_monsterinsights_sitenote_note":"","_monsterinsights_sitenote_category":0,"footnotes":""},"class_list":["post-1095","page","type-page","status-publish","has-post-thumbnail","hentry"],"acf":[],"aioseo_notices":[],"_links":{"self":[{"href":"https:\/\/www.bifff.net\/fr\/wp-json\/wp\/v2\/pages\/1095","targetHints":{"allow":["GET"]}}],"collection":[{"href":"https:\/\/www.bifff.net\/fr\/wp-json\/wp\/v2\/pages"}],"about":[{"href":"https:\/\/www.bifff.net\/fr\/wp-json\/wp\/v2\/types\/page"}],"author":[{"embeddable":true,"href":"https:\/\/www.bifff.net\/fr\/wp-json\/wp\/v2\/users\/2"}],"replies":[{"embeddable":true,"href":"https:\/\/www.bifff.net\/fr\/wp-json\/wp\/v2\/comments?post=1095"}],"version-history":[{"count":37,"href":"https:\/\/www.bifff.net\/fr\/wp-json\/wp\/v2\/pages\/1095\/revisions"}],"predecessor-version":[{"id":15704,"href":"https:\/\/www.bifff.net\/fr\/wp-json\/wp\/v2\/pages\/1095\/revisions\/15704"}],"up":[{"embeddable":true,"href":"https:\/\/www.bifff.net\/fr\/wp-json\/wp\/v2\/pages\/1848"}],"wp:featuredmedia":[{"embeddable":true,"href":"https:\/\/www.bifff.net\/fr\/wp-json\/wp\/v2\/media\/339"}],"wp:attachment":[{"href":"https:\/\/www.bifff.net\/fr\/wp-json\/wp\/v2\/media?parent=1095"}],"curies":[{"name":"wp","href":"https:\/\/api.w.org\/{rel}","templated":true}]}}